{"id":10,"date":"2022-11-16T09:31:14","date_gmt":"2022-11-16T09:31:14","guid":{"rendered":"http:\/\/185.172.60.128\/webs\/2023\/semilla\/?page_id=10"},"modified":"2025-09-16T08:11:02","modified_gmt":"2025-09-16T08:11:02","slug":"politica-de-cookies","status":"publish","type":"page","link":"https:\/\/aureaavionics.com\/es\/politica-de-cookies\/","title":{"rendered":"Pol\u00edtica de Cookies"},"content":{"rendered":"\t\t<div data-elementor-type=\"wp-page\" data-elementor-id=\"10\" class=\"elementor elementor-10\" data-elementor-post-type=\"page\">\n\t\t\t\t<div class=\"elementor-element elementor-element-3a552821 url_excluida_weglot e-flex e-con-boxed e-con e-parent\" data-id=\"3a552821\" data-element_type=\"container\">\n\t\t\t\t\t<div class=\"e-con-inner\">\n\t\t\t\t<div class=\"elementor-element elementor-element-4ff5ac2b elementor-widget elementor-widget-text-editor\" data-id=\"4ff5ac2b\" data-element_type=\"widget\" data-widget_type=\"text-editor.default\">\n\t\t\t\t<div class=\"elementor-widget-container\">\n\t\t\t\t\t\t\t\t\t<p><strong>POL\u00cdTICA DE COOKIES<\/strong><\/p><p>Este sitio web utiliza cookies para mejorar la experiencia del usuario. A continuaci\u00f3n, encontrar\u00e1 informaci\u00f3n sobre qu\u00e9 son las cookies, qu\u00e9 tipo de cookies utiliza este sitio, c\u00f3mo puede desactivar las cookies en su navegador y c\u00f3mo deshabilitar espec\u00edficamente la instalaci\u00f3n de cookies de terceros. Si no encuentra la informaci\u00f3n espec\u00edfica que busca, env\u00ede un correo electr\u00f3nico a <strong>info@aureaavionics.com<\/strong>.<\/p><p><strong>ANTECEDENTES<\/strong><\/p><p>De acuerdo con la normativa espa\u00f1ola sobre el uso de cookies en relaci\u00f3n con la prestaci\u00f3n de servicios de comunicaciones electr\u00f3nicas, contenida en el Real Decreto Ley 13\/2012 de 30 de marzo, le informamos a continuaci\u00f3n sobre las cookies utilizadas en el sitio web de <strong>Aurea Avionics S.L.<\/strong> (tambi\u00e9n \u201cel prestador\u201d) y el motivo de su uso.<\/p><p><strong>\u00bfQU\u00c9 SON LAS COOKIES?<\/strong><\/p><p>Una cookie es un archivo que se descarga en su ordenador cuando accede a determinadas p\u00e1ginas web. Las cookies permiten que un sitio web, entre otras cosas, almacene y recupere informaci\u00f3n sobre los h\u00e1bitos de navegaci\u00f3n de un usuario o su ordenador y, dependiendo de la informaci\u00f3n que contengan y de c\u00f3mo use su equipo, pueden utilizarse para reconocer al usuario. Las cookies solo se asocian a un usuario an\u00f3nimo y a su ordenador o dispositivo, y no proporcionan referencias que permitan conocer sus datos personales.<\/p><p><strong>COOKIES AFECTADAS POR LA NORMATIVA Y COOKIES EXENTAS<\/strong><\/p><p>Seg\u00fan la directiva de la UE, las cookies que requieren el consentimiento informado del usuario son las cookies anal\u00edticas, de publicidad y de afiliaci\u00f3n, con excepci\u00f3n de las de car\u00e1cter t\u00e9cnico y aquellas necesarias para el funcionamiento del sitio web o la prestaci\u00f3n de servicios expresamente solicitados por el usuario.<\/p><p><strong>TIPOS DE COOKIES<\/strong><\/p><ol><li>a) Seg\u00fan la <strong>entidad<\/strong> que las gestione, existen <strong>cookies propias<\/strong> (las enviadas al equipo del usuario desde un equipo o dominio gestionado por el editor y desde el que se presta el servicio solicitado por el usuario) y <strong>cookies de terceros<\/strong> (las enviadas al equipo del usuario desde un equipo o dominio no gestionado por el editor, sino por otra entidad que procesa los datos obtenidos a trav\u00e9s de las cookies).<\/li><li>b) Seg\u00fan el <strong>tiempo<\/strong> que permanecen activas, existen <strong>cookies de sesi\u00f3n<\/strong> (dise\u00f1adas para recopilar y almacenar datos mientras el usuario accede a una p\u00e1gina web) y <strong>cookies persistentes<\/strong> (en las que los datos se almacenan en el terminal y pueden ser accesibles y procesados durante un per\u00edodo definido por el gestor de la cookie, que puede ir de unos minutos a varios a\u00f1os).<\/li><li>c) Seg\u00fan el <strong>prop\u00f3sito<\/strong> con el que procesan la informaci\u00f3n que recogen, pueden ser:<\/li><\/ol><p>&#8211; <strong>Cookies t\u00e9cnicas<\/strong> (necesarias para el uso de la web y la prestaci\u00f3n del servicio contratado),<\/p><p>&#8211; <strong>Cookies de personalizaci\u00f3n<\/strong> (que permiten al usuario acceder al servicio con caracter\u00edsticas predefinidas, como idioma, tipo de navegador, configuraci\u00f3n regional, etc.),<\/p><p>&#8211; <strong>Cookies de an\u00e1lisis<\/strong> (recogen informaci\u00f3n sobre el uso del sitio web),<\/p><p>&#8211; <strong>Cookies de publicidad<\/strong> (recogen informaci\u00f3n sobre las preferencias y elecciones personales de los usuarios),<\/p><p>&#8211; <strong>Cookies de afiliaci\u00f3n<\/strong> (permiten rastrear visitas desde otros sitios web con los que el sitio establece un contrato de afiliaci\u00f3n).<\/p><p><strong>TIPOS DE COOKIES UTILIZADAS EN ESTE SITIO WEB<\/strong><\/p><p>Las cookies utilizadas en nuestro sitio web son cookies de sesi\u00f3n y de terceros, y nos permiten almacenar y acceder a informaci\u00f3n relacionada con el idioma, el tipo de navegador usado y otras caracter\u00edsticas generales predefinidas por el usuario, as\u00ed como rastrear y analizar la actividad realizada para mejorar y prestar nuestros servicios de manera m\u00e1s eficiente y personalizada. Las cookies utilizadas son temporales, con el \u00fanico prop\u00f3sito de hacer la navegaci\u00f3n m\u00e1s eficiente. En ning\u00fan caso estas cookies proporcionan datos personales ni se utilizan para recopilarlos.<\/p><p>El uso de cookies ofrece ventajas, como:<\/p><p>&#8211; Facilitar la navegaci\u00f3n del usuario y el acceso a los diferentes servicios ofrecidos por este sitio web;<\/p><p>&#8211; Evitar que el usuario tenga que configurar las caracter\u00edsticas generales predefinidas cada vez que accede al sitio web; y<\/p><p>&#8211; Favorecer la mejora del funcionamiento y servicios ofrecidos a trav\u00e9s de este sitio web, tras el an\u00e1lisis correspondiente de la informaci\u00f3n obtenida mediante las cookies instaladas.<\/p><p>Al acceder a nuestro sitio web se le solicita autorizaci\u00f3n para instalar varias cookies de terceros, cuyo \u00fanico prop\u00f3sito es registrar el acceso a nuestra web para estad\u00edsticas an\u00f3nimas de visitas, siempre recogiendo informaci\u00f3n de forma an\u00f3nima. No es necesario aceptar estas cookies para navegar por nuestro sitio web.<\/p><p><strong>REVOCACI\u00d3N<\/strong><\/p><p>En cualquier momento puede acceder a la configuraci\u00f3n de su navegador para aceptar o rechazar todas las cookies, o seleccionar cu\u00e1les se permiten y cu\u00e1les no, siguiendo uno de los siguientes procedimientos, seg\u00fan el navegador que utilice:<\/p><p><strong>Google Chrome<\/strong> (en el Men\u00fa Herramientas):<\/p><p>Configuraci\u00f3n &gt; Mostrar opciones avanzadas &gt; Privacidad (Configuraci\u00f3n de contenido) &gt; Cookies: <a href=\"https:\/\/support.google.com\/chrome\/answer\/95647?co=GENIE.Platform%3DDesktopandhl=es\">https:\/\/support.google.com\/chrome\/answer\/95647?co=GENIE.Platform%3DDesktopandhl=es<\/a><\/p><p><strong>Microsoft Internet Explorer<\/strong> (en el Men\u00fa Herramientas):<\/p><p>Opciones de Internet &gt; Privacidad &gt; Avanzado: <a href=\"https:\/\/support.microsoft.com\/es-es\/help\/17442\/windows-internet-explorer-delete-manage-cookies\">https:\/\/support.microsoft.com\/es-es\/help\/17442\/windows-internet-explorer-delete-manage-cookies<\/a><\/p><p><strong>Microsoft Edge:<\/strong><\/p><p><a href=\"https:\/\/support.microsoft.com\/es-es\/microsoft-edge\/eliminar-las-cookies-en-microsoft-edge-63947406-40ac-c3b8-57b9-2a946a29ae09\">https:\/\/support.microsoft.com\/es-es\/microsoft-edge\/eliminar-las-cookies-en-microsoft-edge-63947406-40ac-c3b8-57b9-2a946a29ae09<\/a><\/p><p><strong>Firefox:<\/strong><\/p><p>Opciones &gt; Privacidad &gt; Cookies: <a href=\"https:\/\/support.mozilla.org\/es\/kb\/habilitar-y-deshabilitar-cookies-sitios-web-rastrear-preferencias\">https:\/\/support.mozilla.org\/es\/kb\/habilitar-y-deshabilitar-cookies-sitios-web-rastrear-preferencias<\/a><\/p><p><strong>Safari, iPad y iPhone:<\/strong><\/p><p>Preferencias &gt; Privacidad: <a href=\"https:\/\/support.apple.com\/en-us\/HT201265\">https:\/\/support.apple.com\/en-us\/HT201265<\/a><\/p><p><strong>Opera:<\/strong><\/p><p>Configuraci\u00f3n &gt; Opciones &gt; Avanzado &gt; Cookies: <a href=\"https:\/\/help.opera.com\/en\/latest\/web-preferences\/#cookies\">https:\/\/help.opera.com\/en\/latest\/web-preferences\/#cookies<\/a><\/p><p>Estos navegadores est\u00e1n sujetos a actualizaciones o modificaciones, por lo que no podemos garantizar que las instrucciones est\u00e9n completamente ajustadas a la versi\u00f3n de su navegador. Tambi\u00e9n puede estar utilizando otro navegador no cubierto por estos enlaces, como Konqueror, Arora, Flock, etc. Para evitar problemas, acceda directamente a las opciones de su navegador, normalmente en el men\u00fa \u00abOpciones\u00bb o \u00abPreferencias\u00bb, secci\u00f3n \u00abPrivacidad\u00bb. Consulte la ayuda de su navegador para m\u00e1s informaci\u00f3n.<\/p><p><strong>DESACTIVACI\u00d3N\/HABILITACI\u00d3N Y ELIMINACI\u00d3N DE COOKIES<\/strong><\/p><p>Para restringir o bloquear las cookies, utilice la configuraci\u00f3n de su navegador.<\/p><p>Si no desea que los sitios web coloquen cookies en su ordenador, puede ajustar su navegador para que se le notifique antes de que se coloquen. Asimismo, puede configurar su navegador para que rechace todas las cookies o solo las cookies de terceros. Tambi\u00e9n puede eliminar las cookies ya existentes en su equipo. Tenga en cuenta que deber\u00e1 ajustar estas configuraciones por separado para cada navegador y dispositivo que utilice.<\/p><p>Si decide no aceptar cookies, no podemos garantizar que nuestro sitio web funcione correctamente. Algunas funciones del sitio podr\u00edan no estar disponibles y no podr\u00e1 acceder a ciertos contenidos. Rechazar las cookies no significa que deje de ver publicidad; esta simplemente no estar\u00e1 personalizada y se mostrar\u00e1 con mayor frecuencia.<\/p><p>Cada navegador tiene un m\u00e9todo distinto para adaptar estas configuraciones. Consulte la funci\u00f3n de ayuda de su navegador para ajustar los par\u00e1metros correctos.<\/p><p>Para desactivar cookies en su tel\u00e9fono m\u00f3vil, consulte el manual de su dispositivo.<\/p><p>Puede obtener m\u00e1s informaci\u00f3n sobre las cookies en Internet en <a href=\"http:\/\/www.aboutcookies.org\/\">http:\/\/www.aboutcookies.org\/<\/a>.<\/p><p>Dado el funcionamiento de Internet y los sitios web, no siempre tenemos informaci\u00f3n sobre las cookies colocadas por terceros a trav\u00e9s de nuestro sitio web. Esto aplica especialmente a elementos integrados: textos, documentos, im\u00e1genes o v\u00eddeos cortos que se almacenan en otra ubicaci\u00f3n, pero se muestran en nuestro sitio web.<\/p><p>Si encuentra cookies de este tipo en nuestro sitio web que no est\u00e9n listadas anteriormente, por favor notif\u00edquenoslo. Alternativamente, contacte directamente con el tercero para solicitar informaci\u00f3n sobre las cookies que coloca, su finalidad y duraci\u00f3n, y c\u00f3mo ha protegido su privacidad.<\/p>\t\t\t\t\t\t\t\t<\/div>\n\t\t\t\t<\/div>\n\t\t\t\t\t<\/div>\n\t\t\t\t<\/div>\n\t\t\t\t<\/div>\n\t\t","protected":false},"excerpt":{"rendered":"<p>POL\u00cdTICA DE COOKIES Este sitio web utiliza cookies para mejorar la experiencia del usuario. A continuaci\u00f3n, encontrar\u00e1 informaci\u00f3n sobre qu\u00e9 son las cookies, qu\u00e9 tipo de cookies utiliza este sitio, c\u00f3mo puede desactivar las cookies en su navegador y c\u00f3mo deshabilitar espec\u00edficamente la instalaci\u00f3n de cookies de terceros. Si no encuentra la informaci\u00f3n espec\u00edfica que [&hellip;]<\/p>\n","protected":false},"author":1,"featured_media":0,"parent":0,"menu_order":0,"comment_status":"closed","ping_status":"closed","template":"elementor_header_footer","meta":{"site-sidebar-layout":"no-sidebar","site-content-layout":"","ast-site-content-layout":"full-width-container","site-content-style":"unboxed","site-sidebar-style":"unboxed","ast-global-header-display":"","ast-banner-title-visibility":"disabled","ast-main-header-display":"disabled","ast-hfb-above-header-display":"","ast-hfb-below-header-display":"","ast-hfb-mobile-header-display":"disabled","site-post-title":"disabled","ast-breadcrumbs-content":"disabled","ast-featured-img":"disabled","footer-sml-layout":"disabled","theme-transparent-header-meta":"default","adv-header-id-meta":"","stick-header-meta":"","header-above-stick-meta":"","header-main-stick-meta":"","header-below-stick-meta":"","astra-migrate-meta-layouts":"set","ast-page-background-enabled":"default","ast-page-background-meta":{"desktop":{"background-color":"var(--ast-global-color-4)","background-image":"","background-repeat":"repeat","background-position":"center center","background-size":"auto","background-attachment":"scroll","background-type":"","background-media":"","overlay-type":"","overlay-color":"","overlay-opacity":"","overlay-gradient":""},"tablet":{"background-color":"","background-image":"","background-repeat":"repeat","background-position":"center center","background-size":"auto","background-attachment":"scroll","background-type":"","background-media":"","overlay-type":"","overlay-color":"","overlay-opacity":"","overlay-gradient":""},"mobile":{"background-color":"","background-image":"","background-repeat":"repeat","background-position":"center center","background-size":"auto","background-attachment":"scroll","background-type":"","background-media":"","overlay-type":"","overlay-color":"","overlay-opacity":"","overlay-gradient":""}},"ast-content-background-meta":{"desktop":{"background-color":"var(--ast-global-color-5)","background-image":"","background-repeat":"repeat","background-position":"center center","background-size":"auto","background-attachment":"scroll","background-type":"","background-media":"","overlay-type":"","overlay-color":"","overlay-opacity":"","overlay-gradient":""},"tablet":{"background-color":"var(--ast-global-color-5)","background-image":"","background-repeat":"repeat","background-position":"center center","background-size":"auto","background-attachment":"scroll","background-type":"","background-media":"","overlay-type":"","overlay-color":"","overlay-opacity":"","overlay-gradient":""},"mobile":{"background-color":"var(--ast-global-color-5)","background-image":"","background-repeat":"repeat","background-position":"center center","background-size":"auto","background-attachment":"scroll","background-type":"","background-media":"","overlay-type":"","overlay-color":"","overlay-opacity":"","overlay-gradient":""}},"_joinchat":[],"footnotes":""},"class_list":["post-10","page","type-page","status-publish","hentry"],"yoast_head":"<!-- This site is optimized with the Yoast SEO plugin v25.9 - https:\/\/yoast.com\/wordpress\/plugins\/seo\/ -->\n<title>Pol\u00edtica de Cookies - Aurea Avionics<\/title>\n<meta name=\"robots\" content=\"index, follow, max-snippet:-1, max-image-preview:large, max-video-preview:-1\" \/>\n<link rel=\"canonical\" href=\"https:\/\/aureaavionics.com\/es\/politica-de-cookies\/\" \/>\n<meta property=\"og:locale\" content=\"es_ES\" \/>\n<meta property=\"og:type\" content=\"article\" \/>\n<meta property=\"og:title\" content=\"Pol\u00edtica de Cookies - Aurea Avionics\" \/>\n<meta property=\"og:description\" content=\"POL\u00cdTICA DE COOKIES Este sitio web utiliza cookies para mejorar la experiencia del usuario. A continuaci\u00f3n, encontrar\u00e1 informaci\u00f3n sobre qu\u00e9 son las cookies, qu\u00e9 tipo de cookies utiliza este sitio, c\u00f3mo puede desactivar las cookies en su navegador y c\u00f3mo deshabilitar espec\u00edficamente la instalaci\u00f3n de cookies de terceros. Si no encuentra la informaci\u00f3n espec\u00edfica que [&hellip;]\" \/>\n<meta property=\"og:url\" content=\"https:\/\/aureaavionics.com\/es\/politica-de-cookies\/\" \/>\n<meta property=\"og:site_name\" content=\"Aurea Avionics\" \/>\n<meta property=\"article:modified_time\" content=\"2025-09-16T08:11:02+00:00\" \/>\n<meta name=\"twitter:card\" content=\"summary_large_image\" \/>\n<meta name=\"twitter:site\" content=\"@AureaAvionics\" \/>\n<meta name=\"twitter:label1\" content=\"Tiempo de lectura\" \/>\n\t<meta name=\"twitter:data1\" content=\"6 minutos\" \/>\n<script type=\"application\/ld+json\" class=\"yoast-schema-graph\">{\"@context\":\"https:\/\/schema.org\",\"@graph\":[{\"@type\":\"WebPage\",\"@id\":\"https:\/\/aureaavionics.com\/es\/politica-de-cookies\/\",\"url\":\"https:\/\/aureaavionics.com\/es\/politica-de-cookies\/\",\"name\":\"Pol\u00edtica de Cookies - Aurea Avionics\",\"isPartOf\":{\"@id\":\"https:\/\/aureaavionics.com\/es\/#website\"},\"datePublished\":\"2022-11-16T09:31:14+00:00\",\"dateModified\":\"2025-09-16T08:11:02+00:00\",\"breadcrumb\":{\"@id\":\"https:\/\/aureaavionics.com\/es\/politica-de-cookies\/#breadcrumb\"},\"inLanguage\":\"es\",\"potentialAction\":[{\"@type\":\"ReadAction\",\"target\":[\"https:\/\/aureaavionics.com\/es\/politica-de-cookies\/\"]}]},{\"@type\":\"BreadcrumbList\",\"@id\":\"https:\/\/aureaavionics.com\/es\/politica-de-cookies\/#breadcrumb\",\"itemListElement\":[{\"@type\":\"ListItem\",\"position\":1,\"name\":\"Portada\",\"item\":\"https:\/\/aureaavionics.com\/es\/\"},{\"@type\":\"ListItem\",\"position\":2,\"name\":\"Pol\u00edtica de Cookies\"}]},{\"@type\":\"WebSite\",\"@id\":\"https:\/\/aureaavionics.com\/es\/#website\",\"url\":\"https:\/\/aureaavionics.com\/es\/\",\"name\":\"Aurea Avionics\",\"description\":\"\",\"publisher\":{\"@id\":\"https:\/\/aureaavionics.com\/es\/#organization\"},\"potentialAction\":[{\"@type\":\"SearchAction\",\"target\":{\"@type\":\"EntryPoint\",\"urlTemplate\":\"https:\/\/aureaavionics.com\/es\/?s={search_term_string}\"},\"query-input\":{\"@type\":\"PropertyValueSpecification\",\"valueRequired\":true,\"valueName\":\"search_term_string\"}}],\"inLanguage\":\"es\"},{\"@type\":\"Organization\",\"@id\":\"https:\/\/aureaavionics.com\/es\/#organization\",\"name\":\"Aurea Avionics\",\"url\":\"https:\/\/aureaavionics.com\/es\/\",\"logo\":{\"@type\":\"ImageObject\",\"inLanguage\":\"es\",\"@id\":\"https:\/\/aureaavionics.com\/es\/#\/schema\/logo\/image\/\",\"url\":\"https:\/\/aureaavionics.com\/wp-content\/uploads\/2024\/08\/logo-aurea-avionics.png\",\"contentUrl\":\"https:\/\/aureaavionics.com\/wp-content\/uploads\/2024\/08\/logo-aurea-avionics.png\",\"width\":1499,\"height\":293,\"caption\":\"Aurea Avionics\"},\"image\":{\"@id\":\"https:\/\/aureaavionics.com\/es\/#\/schema\/logo\/image\/\"},\"sameAs\":[\"https:\/\/x.com\/AureaAvionics\",\"https:\/\/www.linkedin.com\/company\/aureaavionics\",\"https:\/\/www.instagram.com\/aureaavionics\/\"]}]}<\/script>\n<!-- \/ Yoast SEO plugin. -->","yoast_head_json":{"title":"Pol\u00edtica de Cookies - Aurea Avionics","robots":{"index":"index","follow":"follow","max-snippet":"max-snippet:-1","max-image-preview":"max-image-preview:large","max-video-preview":"max-video-preview:-1"},"canonical":"https:\/\/aureaavionics.com\/es\/politica-de-cookies\/","og_locale":"es_ES","og_type":"article","og_title":"Pol\u00edtica de Cookies - Aurea Avionics","og_description":"POL\u00cdTICA DE COOKIES Este sitio web utiliza cookies para mejorar la experiencia del usuario. A continuaci\u00f3n, encontrar\u00e1 informaci\u00f3n sobre qu\u00e9 son las cookies, qu\u00e9 tipo de cookies utiliza este sitio, c\u00f3mo puede desactivar las cookies en su navegador y c\u00f3mo deshabilitar espec\u00edficamente la instalaci\u00f3n de cookies de terceros. Si no encuentra la informaci\u00f3n espec\u00edfica que [&hellip;]","og_url":"https:\/\/aureaavionics.com\/es\/politica-de-cookies\/","og_site_name":"Aurea Avionics","article_modified_time":"2025-09-16T08:11:02+00:00","twitter_card":"summary_large_image","twitter_site":"@AureaAvionics","twitter_misc":{"Tiempo de lectura":"6 minutos"},"schema":{"@context":"https:\/\/schema.org","@graph":[{"@type":"WebPage","@id":"https:\/\/aureaavionics.com\/es\/politica-de-cookies\/","url":"https:\/\/aureaavionics.com\/es\/politica-de-cookies\/","name":"Pol\u00edtica de Cookies - Aurea Avionics","isPartOf":{"@id":"https:\/\/aureaavionics.com\/es\/#website"},"datePublished":"2022-11-16T09:31:14+00:00","dateModified":"2025-09-16T08:11:02+00:00","breadcrumb":{"@id":"https:\/\/aureaavionics.com\/es\/politica-de-cookies\/#breadcrumb"},"inLanguage":"es","potentialAction":[{"@type":"ReadAction","target":["https:\/\/aureaavionics.com\/es\/politica-de-cookies\/"]}]},{"@type":"BreadcrumbList","@id":"https:\/\/aureaavionics.com\/es\/politica-de-cookies\/#breadcrumb","itemListElement":[{"@type":"ListItem","position":1,"name":"Portada","item":"https:\/\/aureaavionics.com\/es\/"},{"@type":"ListItem","position":2,"name":"Pol\u00edtica de Cookies"}]},{"@type":"WebSite","@id":"https:\/\/aureaavionics.com\/es\/#website","url":"https:\/\/aureaavionics.com\/es\/","name":"Aurea Avionics","description":"","publisher":{"@id":"https:\/\/aureaavionics.com\/es\/#organization"},"potentialAction":[{"@type":"SearchAction","target":{"@type":"EntryPoint","urlTemplate":"https:\/\/aureaavionics.com\/es\/?s={search_term_string}"},"query-input":{"@type":"PropertyValueSpecification","valueRequired":true,"valueName":"search_term_string"}}],"inLanguage":"es"},{"@type":"Organization","@id":"https:\/\/aureaavionics.com\/es\/#organization","name":"Aurea Avionics","url":"https:\/\/aureaavionics.com\/es\/","logo":{"@type":"ImageObject","inLanguage":"es","@id":"https:\/\/aureaavionics.com\/es\/#\/schema\/logo\/image\/","url":"https:\/\/aureaavionics.com\/wp-content\/uploads\/2024\/08\/logo-aurea-avionics.png","contentUrl":"https:\/\/aureaavionics.com\/wp-content\/uploads\/2024\/08\/logo-aurea-avionics.png","width":1499,"height":293,"caption":"Aurea Avionics"},"image":{"@id":"https:\/\/aureaavionics.com\/es\/#\/schema\/logo\/image\/"},"sameAs":["https:\/\/x.com\/AureaAvionics","https:\/\/www.linkedin.com\/company\/aureaavionics","https:\/\/www.instagram.com\/aureaavionics\/"]}]}},"_links":{"self":[{"href":"https:\/\/aureaavionics.com\/es\/wp-json\/wp\/v2\/pages\/10","targetHints":{"allow":["GET"]}}],"collection":[{"href":"https:\/\/aureaavionics.com\/es\/wp-json\/wp\/v2\/pages"}],"about":[{"href":"https:\/\/aureaavionics.com\/es\/wp-json\/wp\/v2\/types\/page"}],"author":[{"embeddable":true,"href":"https:\/\/aureaavionics.com\/es\/wp-json\/wp\/v2\/users\/1"}],"replies":[{"embeddable":true,"href":"https:\/\/aureaavionics.com\/es\/wp-json\/wp\/v2\/comments?post=10"}],"version-history":[{"count":13,"href":"https:\/\/aureaavionics.com\/es\/wp-json\/wp\/v2\/pages\/10\/revisions"}],"predecessor-version":[{"id":2242,"href":"https:\/\/aureaavionics.com\/es\/wp-json\/wp\/v2\/pages\/10\/revisions\/2242"}],"wp:attachment":[{"href":"https:\/\/aureaavionics.com\/es\/wp-json\/wp\/v2\/media?parent=10"}],"curies":[{"name":"wp","href":"https:\/\/api.w.org\/{rel}","templated":true}]}}