{"id":133,"date":"2025-05-05T12:39:52","date_gmt":"2025-05-05T12:39:52","guid":{"rendered":"https:\/\/dev.mengisoft.com\/aureaavionics\/?page_id=133"},"modified":"2025-05-09T10:34:19","modified_gmt":"2025-05-09T10:34:19","slug":"proyectos","status":"publish","type":"page","link":"https:\/\/aureaavionics.com\/es\/proyectos\/","title":{"rendered":"Proyectos"},"content":{"rendered":"\t\t<div data-elementor-type=\"wp-page\" data-elementor-id=\"133\" class=\"elementor elementor-133\" data-elementor-post-type=\"page\">\n\t\t\t\t<div class=\"elementor-element elementor-element-a0ddc3c cursor_personalizado animated-slow e-flex e-con-boxed elementor-invisible e-con e-parent\" data-id=\"a0ddc3c\" data-element_type=\"container\" data-settings=\"{&quot;background_background&quot;:&quot;gradient&quot;,&quot;animation&quot;:&quot;fadeIn&quot;}\">\n\t\t\t\t\t<div class=\"e-con-inner\">\n\t\t<div class=\"elementor-element elementor-element-4be9f9e e-con-full e-flex e-con e-child\" data-id=\"4be9f9e\" data-element_type=\"container\">\n\t\t<div class=\"elementor-element elementor-element-f89fb02 e-con-full e-flex e-con e-child\" data-id=\"f89fb02\" data-element_type=\"container\">\n\t\t\t\t<div class=\"elementor-element elementor-element-aceb0c3 elementor-invisible elementor-widget elementor-widget-heading\" data-id=\"aceb0c3\" data-element_type=\"widget\" data-settings=\"{&quot;_animation&quot;:&quot;fadeInLeft&quot;,&quot;_animation_delay&quot;:400,&quot;motion_fx_motion_fx_mouse&quot;:&quot;yes&quot;,&quot;motion_fx_mouseTrack_effect&quot;:&quot;yes&quot;,&quot;motion_fx_mouseTrack_speed&quot;:{&quot;unit&quot;:&quot;px&quot;,&quot;size&quot;:0.4,&quot;sizes&quot;:[]}}\" data-widget_type=\"heading.default\">\n\t\t\t\t<div class=\"elementor-widget-container\">\n\t\t\t\t\t<div class=\"elementor-heading-title elementor-size-default\">[<\/div>\t\t\t\t<\/div>\n\t\t\t\t<\/div>\n\t\t\t\t<\/div>\n\t\t<div class=\"elementor-element elementor-element-4e57563 e-con-full e-flex e-con e-child\" data-id=\"4e57563\" data-element_type=\"container\">\n\t\t\t\t<div class=\"elementor-element elementor-element-df3f0c7 elementor-invisible elementor-widget elementor-widget-heading\" data-id=\"df3f0c7\" data-element_type=\"widget\" data-settings=\"{&quot;_animation&quot;:&quot;fadeInUp&quot;}\" data-widget_type=\"heading.default\">\n\t\t\t\t<div class=\"elementor-widget-container\">\n\t\t\t\t\t<h1 class=\"elementor-heading-title elementor-size-default\">projects<\/h1>\t\t\t\t<\/div>\n\t\t\t\t<\/div>\n\t\t\t\t<\/div>\n\t\t<div class=\"elementor-element elementor-element-2026a76 e-con-full e-flex e-con e-child\" data-id=\"2026a76\" data-element_type=\"container\">\n\t\t\t\t<div class=\"elementor-element elementor-element-2164f5b elementor-invisible elementor-widget elementor-widget-heading\" data-id=\"2164f5b\" data-element_type=\"widget\" data-settings=\"{&quot;_animation&quot;:&quot;fadeInRight&quot;,&quot;_animation_delay&quot;:400,&quot;motion_fx_motion_fx_mouse&quot;:&quot;yes&quot;,&quot;motion_fx_mouseTrack_effect&quot;:&quot;yes&quot;,&quot;motion_fx_mouseTrack_speed&quot;:{&quot;unit&quot;:&quot;px&quot;,&quot;size&quot;:0.4,&quot;sizes&quot;:[]}}\" data-widget_type=\"heading.default\">\n\t\t\t\t<div class=\"elementor-widget-container\">\n\t\t\t\t\t<div class=\"elementor-heading-title elementor-size-default\">]<\/div>\t\t\t\t<\/div>\n\t\t\t\t<\/div>\n\t\t\t\t<\/div>\n\t\t\t\t<\/div>\n\t\t<div class=\"elementor-element elementor-element-c42fc58 e-con-full e-flex e-con e-child\" data-id=\"c42fc58\" data-element_type=\"container\">\n\t\t\t\t<div class=\"elementor-element elementor-element-d3fde46 elementor-widget__width-initial animated-slow elementor-widget-mobile__width-inherit elementor-invisible elementor-widget elementor-widget-text-editor\" data-id=\"d3fde46\" data-element_type=\"widget\" data-settings=\"{&quot;_animation&quot;:&quot;fadeIn&quot;,&quot;_animation_delay&quot;:600}\" data-widget_type=\"text-editor.default\">\n\t\t\t\t<div class=\"elementor-widget-container\">\n\t\t\t\t\t\t\t\t\tParticipamos en algunos de los proyectos m\u00e1s punteros de Europa en el \u00e1mbito de la defensa y\nla seguridad. Desde enjambres de drones y navegaci\u00f3n sin GPS, hasta comunicaciones 5G o\nmisiones colaborativas entre aeronaves, nuestra I+D est\u00e1 siempre alineada con los retos reales\ndel sector. Apostamos por proyectos estrat\u00e9gicos que fortalecen la soberan\u00eda tecnol\u00f3gica y\naportan valor industrial.\t\t\t\t\t\t\t\t<\/div>\n\t\t\t\t<\/div>\n\t\t\t\t<\/div>\n\t\t\t\t\t<\/div>\n\t\t\t\t<\/div>\n\t\t\t\t<\/div>\n\t\t","protected":false},"excerpt":{"rendered":"<p>[ projects ] Participamos en algunos de los proyectos m\u00e1s punteros de Europa en el \u00e1mbito de la defensa y la seguridad. Desde enjambres de drones y navegaci\u00f3n sin GPS, hasta comunicaciones 5G o misiones colaborativas entre aeronaves, nuestra I+D est\u00e1 siempre alineada con los retos reales del sector. Apostamos por proyectos estrat\u00e9gicos que fortalecen [&hellip;]<\/p>\n","protected":false},"author":1,"featured_media":0,"parent":0,"menu_order":0,"comment_status":"closed","ping_status":"closed","template":"elementor_header_footer","meta":{"site-sidebar-layout":"no-sidebar","site-content-layout":"page-builder","ast-site-content-layout":"full-width-container","site-content-style":"unboxed","site-sidebar-style":"unboxed","ast-global-header-display":"","ast-banner-title-visibility":"disabled","ast-main-header-display":"disabled","ast-hfb-above-header-display":"","ast-hfb-below-header-display":"","ast-hfb-mobile-header-display":"disabled","site-post-title":"disabled","ast-breadcrumbs-content":"disabled","ast-featured-img":"disabled","footer-sml-layout":"disabled","theme-transparent-header-meta":"default","adv-header-id-meta":"","stick-header-meta":"","header-above-stick-meta":"","header-main-stick-meta":"","header-below-stick-meta":"","astra-migrate-meta-layouts":"set","ast-page-background-enabled":"default","ast-page-background-meta":{"desktop":{"background-color":"var(--ast-global-color-4)","background-image":"","background-repeat":"repeat","background-position":"center center","background-size":"auto","background-attachment":"scroll","background-type":"","background-media":"","overlay-type":"","overlay-color":"","overlay-opacity":"","overlay-gradient":""},"tablet":{"background-color":"","background-image":"","background-repeat":"repeat","background-position":"center center","background-size":"auto","background-attachment":"scroll","background-type":"","background-media":"","overlay-type":"","overlay-color":"","overlay-opacity":"","overlay-gradient":""},"mobile":{"background-color":"","background-image":"","background-repeat":"repeat","background-position":"center center","background-size":"auto","background-attachment":"scroll","background-type":"","background-media":"","overlay-type":"","overlay-color":"","overlay-opacity":"","overlay-gradient":""}},"ast-content-background-meta":{"desktop":{"background-color":"var(--ast-global-color-5)","background-image":"","background-repeat":"repeat","background-position":"center center","background-size":"auto","background-attachment":"scroll","background-type":"","background-media":"","overlay-type":"","overlay-color":"","overlay-opacity":"","overlay-gradient":""},"tablet":{"background-color":"var(--ast-global-color-5)","background-image":"","background-repeat":"repeat","background-position":"center center","background-size":"auto","background-attachment":"scroll","background-type":"","background-media":"","overlay-type":"","overlay-color":"","overlay-opacity":"","overlay-gradient":""},"mobile":{"background-color":"var(--ast-global-color-5)","background-image":"","background-repeat":"repeat","background-position":"center center","background-size":"auto","background-attachment":"scroll","background-type":"","background-media":"","overlay-type":"","overlay-color":"","overlay-opacity":"","overlay-gradient":""}},"_joinchat":[],"footnotes":""},"class_list":["post-133","page","type-page","status-publish","hentry"],"yoast_head":"<!-- This site is optimized with the Yoast SEO plugin v25.9 - https:\/\/yoast.com\/wordpress\/plugins\/seo\/ -->\n<title>Proyectos - Aurea Avionics<\/title>\n<meta name=\"robots\" content=\"index, follow, max-snippet:-1, max-image-preview:large, max-video-preview:-1\" \/>\n<link rel=\"canonical\" href=\"https:\/\/aureaavionics.com\/es\/proyectos\/\" \/>\n<meta property=\"og:locale\" content=\"es_ES\" \/>\n<meta property=\"og:type\" content=\"article\" \/>\n<meta property=\"og:title\" content=\"Proyectos - Aurea Avionics\" \/>\n<meta property=\"og:description\" content=\"[ projects ] Participamos en algunos de los proyectos m\u00e1s punteros de Europa en el \u00e1mbito de la defensa y la seguridad. Desde enjambres de drones y navegaci\u00f3n sin GPS, hasta comunicaciones 5G o misiones colaborativas entre aeronaves, nuestra I+D est\u00e1 siempre alineada con los retos reales del sector. Apostamos por proyectos estrat\u00e9gicos que fortalecen [&hellip;]\" \/>\n<meta property=\"og:url\" content=\"https:\/\/aureaavionics.com\/es\/proyectos\/\" \/>\n<meta property=\"og:site_name\" content=\"Aurea Avionics\" \/>\n<meta property=\"article:modified_time\" content=\"2025-05-09T10:34:19+00:00\" \/>\n<meta name=\"twitter:card\" content=\"summary_large_image\" \/>\n<meta name=\"twitter:site\" content=\"@AureaAvionics\" \/>\n<meta name=\"twitter:label1\" content=\"Tiempo de lectura\" \/>\n\t<meta name=\"twitter:data1\" content=\"1 minuto\" \/>\n<script type=\"application\/ld+json\" class=\"yoast-schema-graph\">{\"@context\":\"https:\/\/schema.org\",\"@graph\":[{\"@type\":\"WebPage\",\"@id\":\"https:\/\/aureaavionics.com\/es\/proyectos\/\",\"url\":\"https:\/\/aureaavionics.com\/es\/proyectos\/\",\"name\":\"Proyectos - Aurea Avionics\",\"isPartOf\":{\"@id\":\"https:\/\/aureaavionics.com\/es\/#website\"},\"datePublished\":\"2025-05-05T12:39:52+00:00\",\"dateModified\":\"2025-05-09T10:34:19+00:00\",\"breadcrumb\":{\"@id\":\"https:\/\/aureaavionics.com\/es\/proyectos\/#breadcrumb\"},\"inLanguage\":\"es\",\"potentialAction\":[{\"@type\":\"ReadAction\",\"target\":[\"https:\/\/aureaavionics.com\/es\/proyectos\/\"]}]},{\"@type\":\"BreadcrumbList\",\"@id\":\"https:\/\/aureaavionics.com\/es\/proyectos\/#breadcrumb\",\"itemListElement\":[{\"@type\":\"ListItem\",\"position\":1,\"name\":\"Portada\",\"item\":\"https:\/\/aureaavionics.com\/es\/\"},{\"@type\":\"ListItem\",\"position\":2,\"name\":\"Proyectos\"}]},{\"@type\":\"WebSite\",\"@id\":\"https:\/\/aureaavionics.com\/es\/#website\",\"url\":\"https:\/\/aureaavionics.com\/es\/\",\"name\":\"Aurea Avionics\",\"description\":\"\",\"publisher\":{\"@id\":\"https:\/\/aureaavionics.com\/es\/#organization\"},\"potentialAction\":[{\"@type\":\"SearchAction\",\"target\":{\"@type\":\"EntryPoint\",\"urlTemplate\":\"https:\/\/aureaavionics.com\/es\/?s={search_term_string}\"},\"query-input\":{\"@type\":\"PropertyValueSpecification\",\"valueRequired\":true,\"valueName\":\"search_term_string\"}}],\"inLanguage\":\"es\"},{\"@type\":\"Organization\",\"@id\":\"https:\/\/aureaavionics.com\/es\/#organization\",\"name\":\"Aurea Avionics\",\"url\":\"https:\/\/aureaavionics.com\/es\/\",\"logo\":{\"@type\":\"ImageObject\",\"inLanguage\":\"es\",\"@id\":\"https:\/\/aureaavionics.com\/es\/#\/schema\/logo\/image\/\",\"url\":\"https:\/\/aureaavionics.com\/wp-content\/uploads\/2024\/08\/logo-aurea-avionics.png\",\"contentUrl\":\"https:\/\/aureaavionics.com\/wp-content\/uploads\/2024\/08\/logo-aurea-avionics.png\",\"width\":1499,\"height\":293,\"caption\":\"Aurea Avionics\"},\"image\":{\"@id\":\"https:\/\/aureaavionics.com\/es\/#\/schema\/logo\/image\/\"},\"sameAs\":[\"https:\/\/x.com\/AureaAvionics\",\"https:\/\/www.linkedin.com\/company\/aureaavionics\",\"https:\/\/www.instagram.com\/aureaavionics\/\"]}]}<\/script>\n<!-- \/ Yoast SEO plugin. -->","yoast_head_json":{"title":"Proyectos - Aurea Avionics","robots":{"index":"index","follow":"follow","max-snippet":"max-snippet:-1","max-image-preview":"max-image-preview:large","max-video-preview":"max-video-preview:-1"},"canonical":"https:\/\/aureaavionics.com\/es\/proyectos\/","og_locale":"es_ES","og_type":"article","og_title":"Proyectos - Aurea Avionics","og_description":"[ projects ] Participamos en algunos de los proyectos m\u00e1s punteros de Europa en el \u00e1mbito de la defensa y la seguridad. Desde enjambres de drones y navegaci\u00f3n sin GPS, hasta comunicaciones 5G o misiones colaborativas entre aeronaves, nuestra I+D est\u00e1 siempre alineada con los retos reales del sector. Apostamos por proyectos estrat\u00e9gicos que fortalecen [&hellip;]","og_url":"https:\/\/aureaavionics.com\/es\/proyectos\/","og_site_name":"Aurea Avionics","article_modified_time":"2025-05-09T10:34:19+00:00","twitter_card":"summary_large_image","twitter_site":"@AureaAvionics","twitter_misc":{"Tiempo de lectura":"1 minuto"},"schema":{"@context":"https:\/\/schema.org","@graph":[{"@type":"WebPage","@id":"https:\/\/aureaavionics.com\/es\/proyectos\/","url":"https:\/\/aureaavionics.com\/es\/proyectos\/","name":"Proyectos - Aurea Avionics","isPartOf":{"@id":"https:\/\/aureaavionics.com\/es\/#website"},"datePublished":"2025-05-05T12:39:52+00:00","dateModified":"2025-05-09T10:34:19+00:00","breadcrumb":{"@id":"https:\/\/aureaavionics.com\/es\/proyectos\/#breadcrumb"},"inLanguage":"es","potentialAction":[{"@type":"ReadAction","target":["https:\/\/aureaavionics.com\/es\/proyectos\/"]}]},{"@type":"BreadcrumbList","@id":"https:\/\/aureaavionics.com\/es\/proyectos\/#breadcrumb","itemListElement":[{"@type":"ListItem","position":1,"name":"Portada","item":"https:\/\/aureaavionics.com\/es\/"},{"@type":"ListItem","position":2,"name":"Proyectos"}]},{"@type":"WebSite","@id":"https:\/\/aureaavionics.com\/es\/#website","url":"https:\/\/aureaavionics.com\/es\/","name":"Aurea Avionics","description":"","publisher":{"@id":"https:\/\/aureaavionics.com\/es\/#organization"},"potentialAction":[{"@type":"SearchAction","target":{"@type":"EntryPoint","urlTemplate":"https:\/\/aureaavionics.com\/es\/?s={search_term_string}"},"query-input":{"@type":"PropertyValueSpecification","valueRequired":true,"valueName":"search_term_string"}}],"inLanguage":"es"},{"@type":"Organization","@id":"https:\/\/aureaavionics.com\/es\/#organization","name":"Aurea Avionics","url":"https:\/\/aureaavionics.com\/es\/","logo":{"@type":"ImageObject","inLanguage":"es","@id":"https:\/\/aureaavionics.com\/es\/#\/schema\/logo\/image\/","url":"https:\/\/aureaavionics.com\/wp-content\/uploads\/2024\/08\/logo-aurea-avionics.png","contentUrl":"https:\/\/aureaavionics.com\/wp-content\/uploads\/2024\/08\/logo-aurea-avionics.png","width":1499,"height":293,"caption":"Aurea Avionics"},"image":{"@id":"https:\/\/aureaavionics.com\/es\/#\/schema\/logo\/image\/"},"sameAs":["https:\/\/x.com\/AureaAvionics","https:\/\/www.linkedin.com\/company\/aureaavionics","https:\/\/www.instagram.com\/aureaavionics\/"]}]}},"_links":{"self":[{"href":"https:\/\/aureaavionics.com\/es\/wp-json\/wp\/v2\/pages\/133","targetHints":{"allow":["GET"]}}],"collection":[{"href":"https:\/\/aureaavionics.com\/es\/wp-json\/wp\/v2\/pages"}],"about":[{"href":"https:\/\/aureaavionics.com\/es\/wp-json\/wp\/v2\/types\/page"}],"author":[{"embeddable":true,"href":"https:\/\/aureaavionics.com\/es\/wp-json\/wp\/v2\/users\/1"}],"replies":[{"embeddable":true,"href":"https:\/\/aureaavionics.com\/es\/wp-json\/wp\/v2\/comments?post=133"}],"version-history":[{"count":11,"href":"https:\/\/aureaavionics.com\/es\/wp-json\/wp\/v2\/pages\/133\/revisions"}],"predecessor-version":[{"id":1915,"href":"https:\/\/aureaavionics.com\/es\/wp-json\/wp\/v2\/pages\/133\/revisions\/1915"}],"wp:attachment":[{"href":"https:\/\/aureaavionics.com\/es\/wp-json\/wp\/v2\/media?parent=133"}],"curies":[{"name":"wp","href":"https:\/\/api.w.org\/{rel}","templated":true}]}}