{"id":136,"date":"2025-05-05T12:41:06","date_gmt":"2025-05-05T12:41:06","guid":{"rendered":"https:\/\/dev.mengisoft.com\/aureaavionics\/?page_id=136"},"modified":"2025-09-16T15:01:02","modified_gmt":"2025-09-16T15:01:02","slug":"equipo","status":"publish","type":"page","link":"https:\/\/aureaavionics.com\/es\/equipo\/","title":{"rendered":"Equipo"},"content":{"rendered":"\t\t<div data-elementor-type=\"wp-page\" data-elementor-id=\"136\" class=\"elementor elementor-136\" data-elementor-post-type=\"page\">\n\t\t\t\t<div class=\"elementor-element elementor-element-ef43ae5 cursor_personalizado animated-slow e-flex e-con-boxed elementor-invisible e-con e-parent\" data-id=\"ef43ae5\" data-element_type=\"container\" data-settings=\"{&quot;background_background&quot;:&quot;classic&quot;,&quot;animation&quot;:&quot;fadeIn&quot;}\">\n\t\t\t\t\t<div class=\"e-con-inner\">\n\t\t<div class=\"elementor-element elementor-element-87645d6 e-con-full e-flex e-con e-child\" data-id=\"87645d6\" data-element_type=\"container\">\n\t\t<div class=\"elementor-element elementor-element-40780c5 e-con-full e-flex e-con e-child\" data-id=\"40780c5\" data-element_type=\"container\">\n\t\t\t\t<div class=\"elementor-element elementor-element-ff4e7a7 elementor-invisible elementor-widget elementor-widget-heading\" data-id=\"ff4e7a7\" data-element_type=\"widget\" data-settings=\"{&quot;_animation&quot;:&quot;fadeInLeft&quot;,&quot;_animation_delay&quot;:400,&quot;motion_fx_motion_fx_mouse&quot;:&quot;yes&quot;,&quot;motion_fx_mouseTrack_effect&quot;:&quot;yes&quot;,&quot;motion_fx_mouseTrack_speed&quot;:{&quot;unit&quot;:&quot;px&quot;,&quot;size&quot;:0.4,&quot;sizes&quot;:[]}}\" data-widget_type=\"heading.default\">\n\t\t\t\t<div class=\"elementor-widget-container\">\n\t\t\t\t\t<div class=\"elementor-heading-title elementor-size-default\">[<\/div>\t\t\t\t<\/div>\n\t\t\t\t<\/div>\n\t\t\t\t<\/div>\n\t\t<div class=\"elementor-element elementor-element-87db447 e-con-full e-flex e-con e-child\" data-id=\"87db447\" data-element_type=\"container\">\n\t\t\t\t<div class=\"elementor-element elementor-element-dcc6554 elementor-invisible elementor-widget elementor-widget-heading\" data-id=\"dcc6554\" data-element_type=\"widget\" data-settings=\"{&quot;_animation&quot;:&quot;fadeInUp&quot;}\" data-widget_type=\"heading.default\">\n\t\t\t\t<div class=\"elementor-widget-container\">\n\t\t\t\t\t<h1 class=\"elementor-heading-title elementor-size-default\">buscamos talento<\/h1>\t\t\t\t<\/div>\n\t\t\t\t<\/div>\n\t\t\t\t<\/div>\n\t\t<div class=\"elementor-element elementor-element-3e5e6cc e-con-full e-flex e-con e-child\" data-id=\"3e5e6cc\" data-element_type=\"container\">\n\t\t\t\t<div class=\"elementor-element elementor-element-c8fa725 elementor-invisible elementor-widget elementor-widget-heading\" data-id=\"c8fa725\" data-element_type=\"widget\" data-settings=\"{&quot;_animation&quot;:&quot;fadeInRight&quot;,&quot;_animation_delay&quot;:400,&quot;motion_fx_motion_fx_mouse&quot;:&quot;yes&quot;,&quot;motion_fx_mouseTrack_effect&quot;:&quot;yes&quot;,&quot;motion_fx_mouseTrack_speed&quot;:{&quot;unit&quot;:&quot;px&quot;,&quot;size&quot;:0.4,&quot;sizes&quot;:[]}}\" data-widget_type=\"heading.default\">\n\t\t\t\t<div class=\"elementor-widget-container\">\n\t\t\t\t\t<div class=\"elementor-heading-title elementor-size-default\">]<\/div>\t\t\t\t<\/div>\n\t\t\t\t<\/div>\n\t\t\t\t<\/div>\n\t\t\t\t<\/div>\n\t\t\t\t\t<\/div>\n\t\t\t\t<\/div>\n\t\t<div class=\"elementor-element elementor-element-4cbd685 e-flex e-con-boxed elementor-invisible e-con e-parent\" data-id=\"4cbd685\" data-element_type=\"container\" data-settings=\"{&quot;animation&quot;:&quot;fadeIn&quot;,&quot;animation_delay&quot;:400}\">\n\t\t\t\t\t<div class=\"e-con-inner\">\n\t\t\t\t<div class=\"elementor-element elementor-element-0b255da elementor-widget__width-initial animated-slow elementor-widget-mobile__width-inherit elementor-invisible elementor-widget elementor-widget-text-editor\" data-id=\"0b255da\" data-element_type=\"widget\" data-settings=\"{&quot;_animation&quot;:&quot;fadeIn&quot;,&quot;_animation_delay&quot;:600}\" data-widget_type=\"text-editor.default\">\n\t\t\t\t<div class=\"elementor-widget-container\">\n\t\t\t\t\t\t\t\t\tAurea Avionics es tecnolog\u00eda, pero sobre todo es talento. Cada miembro de nuestro equipo\naporta una visi\u00f3n \u00fanica, un compromiso inquebrantable y una pasi\u00f3n por innovar que se nota\nen cada producto que entregamos. Aqu\u00ed el esfuerzo tiene impacto, y las ideas se convierten en\nsoluciones reales.\t\t\t\t\t\t\t\t<\/div>\n\t\t\t\t<\/div>\n\t\t\t\t\t<\/div>\n\t\t\t\t<\/div>\n\t\t<div class=\"pp-bg-effects pp-bg-effects-7f99ee1 elementor-element elementor-element-7f99ee1 pp-bg-effects-yes e-flex e-con-boxed elementor-invisible e-con e-parent\" data-section-id=\"7f99ee1\" data-effect-enable=\"yes\" data-animation-type=\"particles\" data-canvas-opacity=\"1\" data-hide-max-width=\"none\" data-hide-min-width=\"none\" data-part-color=\"\" data-line-color=\"\" data-line-h-color=\"\" data-part-opacity=\"\" data-rand-opacity=\"1\" data-quantity=\"\" data-part-size=\"\" data-part-speed=\"4\" data-part-direction=\"none\" data-hover-effect=\"noeffect\" data-hover-size=\"\" data-id=\"7f99ee1\" data-element_type=\"container\" data-settings=\"{&quot;pp_background_effects_enable&quot;:&quot;yes&quot;,&quot;part_rand_opacity&quot;:&quot;true&quot;,&quot;animation&quot;:&quot;fadeIn&quot;,&quot;effect_hide_tablet&quot;:&quot;label_off&quot;,&quot;effect_hide_mobile&quot;:&quot;label_off&quot;}\">\n\t\t\t\t\t<div class=\"e-con-inner\">\n\t\t<div class=\"elementor-element elementor-element-fb0b2ec e-con-full e-flex e-con e-child\" data-id=\"fb0b2ec\" data-element_type=\"container\">\n\t\t\t\t<div class=\"elementor-element elementor-element-ba58ea0 elementor-invisible elementor-widget elementor-widget-heading\" data-id=\"ba58ea0\" data-element_type=\"widget\" data-settings=\"{&quot;_animation&quot;:&quot;fadeInUp&quot;}\" data-widget_type=\"heading.default\">\n\t\t\t\t<div class=\"elementor-widget-container\">\n\t\t\t\t\t<h2 class=\"elementor-heading-title elementor-size-default\">aurea avionics<\/h2>\t\t\t\t<\/div>\n\t\t\t\t<\/div>\n\t\t\t\t<div class=\"elementor-element elementor-element-54058c2 elementor-invisible elementor-widget elementor-widget-heading\" data-id=\"54058c2\" data-element_type=\"widget\" data-settings=\"{&quot;_animation&quot;:&quot;fadeIn&quot;}\" data-widget_type=\"heading.default\">\n\t\t\t\t<div class=\"elementor-widget-container\">\n\t\t\t\t\t<h2 class=\"elementor-heading-title elementor-size-default\">equipo<\/h2>\t\t\t\t<\/div>\n\t\t\t\t<\/div>\n\t\t\t\t<div class=\"elementor-element elementor-element-fc06982 animated-slow elementor-widget-mobile__width-inherit elementor-widget-tablet__width-inherit elementor-invisible elementor-widget elementor-widget-text-editor\" data-id=\"fc06982\" data-element_type=\"widget\" data-settings=\"{&quot;_animation&quot;:&quot;fadeIn&quot;,&quot;_animation_delay&quot;:600}\" data-widget_type=\"text-editor.default\">\n\t\t\t\t<div class=\"elementor-widget-container\">\n\t\t\t\t\t\t\t\t\tNuestro equipo est\u00e1 formado por personas comprometidas, curiosas y con muchas ganas de transformar el sector de los sistemas no tripulados. Creemos en una Europa con una industria fuerte, independiente y lista para enfrentar los desaf\u00edos por venir.\t\t\t\t\t\t\t\t<\/div>\n\t\t\t\t<\/div>\n\t\t\t\t<\/div>\n\t\t\t\t\t<\/div>\n\t\t\t\t<\/div>\n\t\t<div class=\"elementor-element elementor-element-c24f5a5 cursor_personalizado e-flex e-con-boxed e-con e-parent\" data-id=\"c24f5a5\" data-element_type=\"container\">\n\t\t\t\t\t<div class=\"e-con-inner\">\n\t\t<div class=\"elementor-element elementor-element-0bb7a6a e-con-full e-flex e-con e-child\" data-id=\"0bb7a6a\" data-element_type=\"container\">\n\t\t\t\t<div class=\"elementor-element elementor-element-782dcd3 elementor-widget__width-initial elementor-invisible elementor-widget elementor-widget-heading\" data-id=\"782dcd3\" data-element_type=\"widget\" data-settings=\"{&quot;_animation&quot;:&quot;fadeIn&quot;}\" data-widget_type=\"heading.default\">\n\t\t\t\t<div class=\"elementor-widget-container\">\n\t\t\t\t\t<h2 class=\"elementor-heading-title elementor-size-default\">\u00bfQUIERES TRABAJAR CON NOSOTROS?<\/h2>\t\t\t\t<\/div>\n\t\t\t\t<\/div>\n\t\t\t\t<\/div>\n\t\t<div class=\"elementor-element elementor-element-8b0c13b e-con-full e-flex e-con e-child\" data-id=\"8b0c13b\" data-element_type=\"container\">\n\t\t<div class=\"elementor-element elementor-element-a5db57f e-con-full e-flex e-con e-child\" data-id=\"a5db57f\" data-element_type=\"container\">\n\t\t\t\t<div class=\"elementor-element elementor-element-dde3ac4 animated-slow elementor-widget-mobile__width-inherit elementor-widget-tablet__width-inherit elementor-widget__width-initial elementor-invisible elementor-widget elementor-widget-text-editor\" data-id=\"dde3ac4\" data-element_type=\"widget\" data-settings=\"{&quot;_animation&quot;:&quot;fadeIn&quot;,&quot;_animation_delay&quot;:600}\" data-widget_type=\"text-editor.default\">\n\t\t\t\t<div class=\"elementor-widget-container\">\n\t\t\t\t\t\t\t\t\tEscr\u00edbenos a <a href=\"mailto:hr@aureaavionics.com\"><span style=\"color:black\">hr@aureaavionics.com<\/span><\/a> con tu CV y carta de motivaci\u00f3n. S\u00edguenos en LinkedIn para estar al tanto de nuevas oportunidades.\t\t\t\t\t\t\t\t<\/div>\n\t\t\t\t<\/div>\n\t\t\t\t<\/div>\n\t\t<div class=\"elementor-element elementor-element-31a2910 e-con-full e-flex e-con e-child\" data-id=\"31a2910\" data-element_type=\"container\">\n\t\t\t\t<div class=\"elementor-element elementor-element-5b0ac23 elementor-align-left elementor-invisible elementor-widget elementor-widget-button\" data-id=\"5b0ac23\" data-element_type=\"widget\" data-settings=\"{&quot;_animation&quot;:&quot;fadeIn&quot;}\" data-widget_type=\"button.default\">\n\t\t\t\t<div class=\"elementor-widget-container\">\n\t\t\t\t\t\t\t\t\t<div class=\"elementor-button-wrapper\">\n\t\t\t\t\t<a class=\"elementor-button elementor-button-link elementor-size-sm\" href=\"https:\/\/aureaavionics.com\/es\/contacto\/\">\n\t\t\t\t\t\t<span class=\"elementor-button-content-wrapper\">\n\t\t\t\t\t\t<span class=\"elementor-button-icon\">\n\t\t\t\t<i aria-hidden=\"true\" class=\"phl phlight-envelope\"><\/i>\t\t\t<\/span>\n\t\t\t\t\t\t\t\t\t<span class=\"elementor-button-text\">Contacto<\/span>\n\t\t\t\t\t<\/span>\n\t\t\t\t\t<\/a>\n\t\t\t\t<\/div>\n\t\t\t\t\t\t\t\t<\/div>\n\t\t\t\t<\/div>\n\t\t\t\t<div class=\"elementor-element elementor-element-e485cb1 elementor-align-left elementor-invisible elementor-widget elementor-widget-button\" data-id=\"e485cb1\" data-element_type=\"widget\" id=\"boton-menu-movil-inicio\" data-settings=\"{&quot;_animation&quot;:&quot;fadeIn&quot;,&quot;_animation_delay&quot;:100}\" data-widget_type=\"button.default\">\n\t\t\t\t<div class=\"elementor-widget-container\">\n\t\t\t\t\t\t\t\t\t<div class=\"elementor-button-wrapper\">\n\t\t\t\t\t<a class=\"elementor-button elementor-button-link elementor-size-sm\" href=\"https:\/\/www.linkedin.com\/company\/aureaavionics\" target=\"_blank\">\n\t\t\t\t\t\t<span class=\"elementor-button-content-wrapper\">\n\t\t\t\t\t\t<span class=\"elementor-button-icon\">\n\t\t\t\t<i aria-hidden=\"true\" class=\"fab fa-linkedin-in\"><\/i>\t\t\t<\/span>\n\t\t\t\t\t\t\t\t<\/span>\n\t\t\t\t\t<\/a>\n\t\t\t\t<\/div>\n\t\t\t\t\t\t\t\t<\/div>\n\t\t\t\t<\/div>\n\t\t\t\t<\/div>\n\t\t\t\t<\/div>\n\t\t\t\t\t<\/div>\n\t\t\t\t<\/div>\n\t\t\t\t<\/div>\n\t\t","protected":false},"excerpt":{"rendered":"<p>[ buscamos talento ] Aurea Avionics es tecnolog\u00eda, pero sobre todo es talento. Cada miembro de nuestro equipo aporta una visi\u00f3n \u00fanica, un compromiso inquebrantable y una pasi\u00f3n por innovar que se nota en cada producto que entregamos. Aqu\u00ed el esfuerzo tiene impacto, y las ideas se convierten en soluciones reales. aurea avionics equipo Nuestro [&hellip;]<\/p>\n","protected":false},"author":1,"featured_media":0,"parent":0,"menu_order":0,"comment_status":"closed","ping_status":"closed","template":"elementor_header_footer","meta":{"site-sidebar-layout":"no-sidebar","site-content-layout":"page-builder","ast-site-content-layout":"full-width-container","site-content-style":"unboxed","site-sidebar-style":"unboxed","ast-global-header-display":"","ast-banner-title-visibility":"disabled","ast-main-header-display":"disabled","ast-hfb-above-header-display":"","ast-hfb-below-header-display":"","ast-hfb-mobile-header-display":"disabled","site-post-title":"disabled","ast-breadcrumbs-content":"disabled","ast-featured-img":"disabled","footer-sml-layout":"disabled","theme-transparent-header-meta":"default","adv-header-id-meta":"","stick-header-meta":"","header-above-stick-meta":"","header-main-stick-meta":"","header-below-stick-meta":"","astra-migrate-meta-layouts":"set","ast-page-background-enabled":"default","ast-page-background-meta":{"desktop":{"background-color":"var(--ast-global-color-4)","background-image":"","background-repeat":"repeat","background-position":"center center","background-size":"auto","background-attachment":"scroll","background-type":"","background-media":"","overlay-type":"","overlay-color":"","overlay-opacity":"","overlay-gradient":""},"tablet":{"background-color":"","background-image":"","background-repeat":"repeat","background-position":"center center","background-size":"auto","background-attachment":"scroll","background-type":"","background-media":"","overlay-type":"","overlay-color":"","overlay-opacity":"","overlay-gradient":""},"mobile":{"background-color":"","background-image":"","background-repeat":"repeat","background-position":"center center","background-size":"auto","background-attachment":"scroll","background-type":"","background-media":"","overlay-type":"","overlay-color":"","overlay-opacity":"","overlay-gradient":""}},"ast-content-background-meta":{"desktop":{"background-color":"var(--ast-global-color-5)","background-image":"","background-repeat":"repeat","background-position":"center center","background-size":"auto","background-attachment":"scroll","background-type":"","background-media":"","overlay-type":"","overlay-color":"","overlay-opacity":"","overlay-gradient":""},"tablet":{"background-color":"var(--ast-global-color-5)","background-image":"","background-repeat":"repeat","background-position":"center center","background-size":"auto","background-attachment":"scroll","background-type":"","background-media":"","overlay-type":"","overlay-color":"","overlay-opacity":"","overlay-gradient":""},"mobile":{"background-color":"var(--ast-global-color-5)","background-image":"","background-repeat":"repeat","background-position":"center center","background-size":"auto","background-attachment":"scroll","background-type":"","background-media":"","overlay-type":"","overlay-color":"","overlay-opacity":"","overlay-gradient":""}},"_joinchat":[],"footnotes":""},"class_list":["post-136","page","type-page","status-publish","hentry"],"yoast_head":"<!-- This site is optimized with the Yoast SEO plugin v25.9 - https:\/\/yoast.com\/wordpress\/plugins\/seo\/ -->\n<title>Equipo - Aurea Avionics<\/title>\n<meta name=\"robots\" content=\"index, follow, max-snippet:-1, max-image-preview:large, max-video-preview:-1\" \/>\n<link rel=\"canonical\" href=\"https:\/\/aureaavionics.com\/es\/equipo\/\" \/>\n<meta property=\"og:locale\" content=\"es_ES\" \/>\n<meta property=\"og:type\" content=\"article\" \/>\n<meta property=\"og:title\" content=\"Equipo - Aurea Avionics\" \/>\n<meta property=\"og:description\" content=\"[ buscamos talento ] Aurea Avionics es tecnolog\u00eda, pero sobre todo es talento. Cada miembro de nuestro equipo aporta una visi\u00f3n \u00fanica, un compromiso inquebrantable y una pasi\u00f3n por innovar que se nota en cada producto que entregamos. Aqu\u00ed el esfuerzo tiene impacto, y las ideas se convierten en soluciones reales. aurea avionics equipo Nuestro [&hellip;]\" \/>\n<meta property=\"og:url\" content=\"https:\/\/aureaavionics.com\/es\/equipo\/\" \/>\n<meta property=\"og:site_name\" content=\"Aurea Avionics\" \/>\n<meta property=\"article:modified_time\" content=\"2025-09-16T15:01:02+00:00\" \/>\n<meta name=\"twitter:card\" content=\"summary_large_image\" \/>\n<meta name=\"twitter:site\" content=\"@AureaAvionics\" \/>\n<meta name=\"twitter:label1\" content=\"Tiempo de lectura\" \/>\n\t<meta name=\"twitter:data1\" content=\"1 minuto\" \/>\n<script type=\"application\/ld+json\" class=\"yoast-schema-graph\">{\"@context\":\"https:\/\/schema.org\",\"@graph\":[{\"@type\":\"WebPage\",\"@id\":\"https:\/\/aureaavionics.com\/es\/equipo\/\",\"url\":\"https:\/\/aureaavionics.com\/es\/equipo\/\",\"name\":\"Equipo - Aurea Avionics\",\"isPartOf\":{\"@id\":\"https:\/\/aureaavionics.com\/es\/#website\"},\"datePublished\":\"2025-05-05T12:41:06+00:00\",\"dateModified\":\"2025-09-16T15:01:02+00:00\",\"breadcrumb\":{\"@id\":\"https:\/\/aureaavionics.com\/es\/equipo\/#breadcrumb\"},\"inLanguage\":\"es\",\"potentialAction\":[{\"@type\":\"ReadAction\",\"target\":[\"https:\/\/aureaavionics.com\/es\/equipo\/\"]}]},{\"@type\":\"BreadcrumbList\",\"@id\":\"https:\/\/aureaavionics.com\/es\/equipo\/#breadcrumb\",\"itemListElement\":[{\"@type\":\"ListItem\",\"position\":1,\"name\":\"Portada\",\"item\":\"https:\/\/aureaavionics.com\/es\/\"},{\"@type\":\"ListItem\",\"position\":2,\"name\":\"Equipo\"}]},{\"@type\":\"WebSite\",\"@id\":\"https:\/\/aureaavionics.com\/es\/#website\",\"url\":\"https:\/\/aureaavionics.com\/es\/\",\"name\":\"Aurea Avionics\",\"description\":\"\",\"publisher\":{\"@id\":\"https:\/\/aureaavionics.com\/es\/#organization\"},\"potentialAction\":[{\"@type\":\"SearchAction\",\"target\":{\"@type\":\"EntryPoint\",\"urlTemplate\":\"https:\/\/aureaavionics.com\/es\/?s={search_term_string}\"},\"query-input\":{\"@type\":\"PropertyValueSpecification\",\"valueRequired\":true,\"valueName\":\"search_term_string\"}}],\"inLanguage\":\"es\"},{\"@type\":\"Organization\",\"@id\":\"https:\/\/aureaavionics.com\/es\/#organization\",\"name\":\"Aurea Avionics\",\"url\":\"https:\/\/aureaavionics.com\/es\/\",\"logo\":{\"@type\":\"ImageObject\",\"inLanguage\":\"es\",\"@id\":\"https:\/\/aureaavionics.com\/es\/#\/schema\/logo\/image\/\",\"url\":\"https:\/\/aureaavionics.com\/wp-content\/uploads\/2024\/08\/logo-aurea-avionics.png\",\"contentUrl\":\"https:\/\/aureaavionics.com\/wp-content\/uploads\/2024\/08\/logo-aurea-avionics.png\",\"width\":1499,\"height\":293,\"caption\":\"Aurea Avionics\"},\"image\":{\"@id\":\"https:\/\/aureaavionics.com\/es\/#\/schema\/logo\/image\/\"},\"sameAs\":[\"https:\/\/x.com\/AureaAvionics\",\"https:\/\/www.linkedin.com\/company\/aureaavionics\",\"https:\/\/www.instagram.com\/aureaavionics\/\"]}]}<\/script>\n<!-- \/ Yoast SEO plugin. -->","yoast_head_json":{"title":"Equipo - Aurea Avionics","robots":{"index":"index","follow":"follow","max-snippet":"max-snippet:-1","max-image-preview":"max-image-preview:large","max-video-preview":"max-video-preview:-1"},"canonical":"https:\/\/aureaavionics.com\/es\/equipo\/","og_locale":"es_ES","og_type":"article","og_title":"Equipo - Aurea Avionics","og_description":"[ buscamos talento ] Aurea Avionics es tecnolog\u00eda, pero sobre todo es talento. Cada miembro de nuestro equipo aporta una visi\u00f3n \u00fanica, un compromiso inquebrantable y una pasi\u00f3n por innovar que se nota en cada producto que entregamos. Aqu\u00ed el esfuerzo tiene impacto, y las ideas se convierten en soluciones reales. aurea avionics equipo Nuestro [&hellip;]","og_url":"https:\/\/aureaavionics.com\/es\/equipo\/","og_site_name":"Aurea Avionics","article_modified_time":"2025-09-16T15:01:02+00:00","twitter_card":"summary_large_image","twitter_site":"@AureaAvionics","twitter_misc":{"Tiempo de lectura":"1 minuto"},"schema":{"@context":"https:\/\/schema.org","@graph":[{"@type":"WebPage","@id":"https:\/\/aureaavionics.com\/es\/equipo\/","url":"https:\/\/aureaavionics.com\/es\/equipo\/","name":"Equipo - Aurea Avionics","isPartOf":{"@id":"https:\/\/aureaavionics.com\/es\/#website"},"datePublished":"2025-05-05T12:41:06+00:00","dateModified":"2025-09-16T15:01:02+00:00","breadcrumb":{"@id":"https:\/\/aureaavionics.com\/es\/equipo\/#breadcrumb"},"inLanguage":"es","potentialAction":[{"@type":"ReadAction","target":["https:\/\/aureaavionics.com\/es\/equipo\/"]}]},{"@type":"BreadcrumbList","@id":"https:\/\/aureaavionics.com\/es\/equipo\/#breadcrumb","itemListElement":[{"@type":"ListItem","position":1,"name":"Portada","item":"https:\/\/aureaavionics.com\/es\/"},{"@type":"ListItem","position":2,"name":"Equipo"}]},{"@type":"WebSite","@id":"https:\/\/aureaavionics.com\/es\/#website","url":"https:\/\/aureaavionics.com\/es\/","name":"Aurea Avionics","description":"","publisher":{"@id":"https:\/\/aureaavionics.com\/es\/#organization"},"potentialAction":[{"@type":"SearchAction","target":{"@type":"EntryPoint","urlTemplate":"https:\/\/aureaavionics.com\/es\/?s={search_term_string}"},"query-input":{"@type":"PropertyValueSpecification","valueRequired":true,"valueName":"search_term_string"}}],"inLanguage":"es"},{"@type":"Organization","@id":"https:\/\/aureaavionics.com\/es\/#organization","name":"Aurea Avionics","url":"https:\/\/aureaavionics.com\/es\/","logo":{"@type":"ImageObject","inLanguage":"es","@id":"https:\/\/aureaavionics.com\/es\/#\/schema\/logo\/image\/","url":"https:\/\/aureaavionics.com\/wp-content\/uploads\/2024\/08\/logo-aurea-avionics.png","contentUrl":"https:\/\/aureaavionics.com\/wp-content\/uploads\/2024\/08\/logo-aurea-avionics.png","width":1499,"height":293,"caption":"Aurea Avionics"},"image":{"@id":"https:\/\/aureaavionics.com\/es\/#\/schema\/logo\/image\/"},"sameAs":["https:\/\/x.com\/AureaAvionics","https:\/\/www.linkedin.com\/company\/aureaavionics","https:\/\/www.instagram.com\/aureaavionics\/"]}]}},"_links":{"self":[{"href":"https:\/\/aureaavionics.com\/es\/wp-json\/wp\/v2\/pages\/136","targetHints":{"allow":["GET"]}}],"collection":[{"href":"https:\/\/aureaavionics.com\/es\/wp-json\/wp\/v2\/pages"}],"about":[{"href":"https:\/\/aureaavionics.com\/es\/wp-json\/wp\/v2\/types\/page"}],"author":[{"embeddable":true,"href":"https:\/\/aureaavionics.com\/es\/wp-json\/wp\/v2\/users\/1"}],"replies":[{"embeddable":true,"href":"https:\/\/aureaavionics.com\/es\/wp-json\/wp\/v2\/comments?post=136"}],"version-history":[{"count":137,"href":"https:\/\/aureaavionics.com\/es\/wp-json\/wp\/v2\/pages\/136\/revisions"}],"predecessor-version":[{"id":2351,"href":"https:\/\/aureaavionics.com\/es\/wp-json\/wp\/v2\/pages\/136\/revisions\/2351"}],"wp:attachment":[{"href":"https:\/\/aureaavionics.com\/es\/wp-json\/wp\/v2\/media?parent=136"}],"curies":[{"name":"wp","href":"https:\/\/api.w.org\/{rel}","templated":true}]}}