{"id":8,"date":"2022-11-16T09:29:30","date_gmt":"2022-11-16T09:29:30","guid":{"rendered":"http:\/\/185.172.60.128\/webs\/2023\/semilla\/?page_id=8"},"modified":"2025-09-16T08:09:11","modified_gmt":"2025-09-16T08:09:11","slug":"aviso-legal","status":"publish","type":"page","link":"https:\/\/aureaavionics.com\/es\/aviso-legal\/","title":{"rendered":"Aviso Legal"},"content":{"rendered":"\t\t<div data-elementor-type=\"wp-page\" data-elementor-id=\"8\" class=\"elementor elementor-8\" data-elementor-post-type=\"page\">\n\t\t\t\t<div class=\"elementor-element elementor-element-1a9780d3 e-flex e-con-boxed e-con e-parent\" data-id=\"1a9780d3\" data-element_type=\"container\">\n\t\t\t\t\t<div class=\"e-con-inner\">\n\t\t\t\t<div class=\"elementor-element elementor-element-622f41cb elementor-widget elementor-widget-text-editor\" data-id=\"622f41cb\" data-element_type=\"widget\" data-widget_type=\"text-editor.default\">\n\t\t\t\t<div class=\"elementor-widget-container\">\n\t\t\t\t\t\t\t\t\t<p><strong>AVISO LEGAL<\/strong><\/p>\n\n<p>Con el fin de cumplir con el Art\u00edculo 10 de la Ley 34\/2002 de Servicios de la Sociedad de la Informaci\u00f3n y Comercio Electr\u00f3nico, informamos a los usuarios de este sitio web sobre nuestros datos:<\/p>\n\n<ul>\n<li><strong>Identidad:<\/strong> Aurea Avionics S.L.<\/li>\n<li><strong>CIF:<\/strong> B87763066<\/li>\n<li><strong>Direcci\u00f3n postal:<\/strong> C\/ Rosa De Silva, 4 &#8211; Pta. D Plt. 1. 28020 Madrid, Espa\u00f1a<\/li>\n<li><strong>Correo electr\u00f3nico:<\/strong> info@aureaavionics.com<\/li>\n<li><strong>Sitio web:<\/strong> https:\/\/aureaavionics.com\/<\/li>\n<\/ul>\n\n<p><strong>1.- OBJETO<\/strong><\/p>\n<p><strong>Aurea Avionics S.L.<\/strong> (en adelante, tambi\u00e9n \u00abel prestador\u00bb), como responsable del sitio web, pone a disposici\u00f3n de los usuarios el presente documento que regula el uso del sitio web, con el objetivo de cumplir las obligaciones establecidas por la Ley 34\/2002, de Servicios de la Sociedad de la Informaci\u00f3n y del Comercio Electr\u00f3nico (LSSICE), as\u00ed como de informar a los usuarios sobre las condiciones de uso del mismo.<\/p>\n\n<p>A trav\u00e9s de este sitio web, <strong>Aurea Avionics S.L.<\/strong> facilita a los usuarios el acceso y uso de diferentes servicios y contenidos.<\/p>\n\n<p>Cualquier persona que acceda a este sitio web asume el rol de usuario (en adelante, \u00abel usuario\u00bb) e implica la aceptaci\u00f3n plena e incondicional de todas las disposiciones incluidas en este aviso legal, as\u00ed como de cualquier otra normativa aplicable.<\/p>\n\n<p>Los usuarios deben leer cuidadosamente este Aviso Legal cada vez que accedan al sitio web, ya que puede sufrir modificaciones. El prestador se reserva el derecho de modificar cualquier informaci\u00f3n del sitio web, sin obligaci\u00f3n de notificar previamente a los usuarios, siendo suficiente su publicaci\u00f3n en el sitio web del prestador.<\/p>\n\n<ol>\n<li><strong>CONDICIONES DE ACCESO Y USO DEL SITIO WEB<\/strong><\/li>\n<\/ol>\n\n<p><strong>2.1. Acceso y uso gratuito del sitio web.<\/strong><\/p>\n<p>La prestaci\u00f3n de los servicios ofrecidos por <strong>Aurea Avionics S.L.<\/strong> en este sitio web es gratuita para todos los usuarios.<\/p>\n\n<p><strong>2.2. Registro de usuarios.<\/strong><\/p>\n<p>En general, la prestaci\u00f3n de los servicios no requiere suscripci\u00f3n o registro previo de los usuarios. No obstante, <strong>Aurea Avionics S.L.<\/strong> condiciona el uso de algunos servicios al registro previo del usuario, que deber\u00e1 completarse siguiendo el procedimiento indicado en la secci\u00f3n correspondiente del servicio.<\/p>\n\n<p><strong>2.3. Veracidad de la informaci\u00f3n.<\/strong><\/p>\n<p>Todos los datos proporcionados por el usuario deben ser veraces. El usuario garantiza la autenticidad de la informaci\u00f3n comunicada a trav\u00e9s de los formularios de suscripci\u00f3n a los servicios. Ser\u00e1 responsabilidad del usuario mantener toda la informaci\u00f3n facilitada a <strong>Aurea Avionics S.L.<\/strong> permanentemente actualizada, de modo que refleje su situaci\u00f3n real. En cualquier caso, el usuario ser\u00e1 el \u00fanico responsable de las manifestaciones falsas o inexactas que realice y de los da\u00f1os que cause al prestador o a terceros.<\/p>\n\n<p><strong>2.4. Menores.<\/strong><\/p>\n<p>Para utilizar los servicios, los menores deben obtener siempre el consentimiento previo de sus padres, tutores o representantes legales, quienes son responsables \u00faltimos de todos los actos realizados por los menores a su cargo. La responsabilidad de determinar los contenidos espec\u00edficos a los que acceden los menores recae sobre ellos mismos. Para prevenir el acceso a contenidos inapropiados en Internet, se recomienda establecer mecanismos de control en sus equipos, como programas inform\u00e1ticos, filtros y bloqueos, que limiten el acceso a determinados contenidos. Aunque no son infalibles, son especialmente \u00fatiles para controlar y restringir los materiales a los que los menores pueden acceder.<\/p>\n\n<p><strong>2.5. Obligaci\u00f3n de uso adecuado del sitio web.<\/strong><\/p>\n<p>El usuario se compromete a utilizar el sitio web de acuerdo con la Ley, este Aviso Legal, la moral y las buenas costumbres. En particular, el usuario se abstendr\u00e1 de usar el sitio web con fines il\u00edcitos, prohibidos, lesivos de los derechos e intereses de terceros o que puedan da\u00f1ar, deshabilitar, sobrecargar, deteriorar o impedir el uso normal de los equipos inform\u00e1ticos, documentos, archivos y cualquier tipo de contenido almacenado en los equipos del prestador.<\/p>\n\n<p>En particular, y a modo de ejemplo pero no limitativo, el usuario se compromete a no transmitir, difundir ni poner a disposici\u00f3n de terceros informaci\u00f3n, datos, contenidos, mensajes, gr\u00e1ficos, dibujos, archivos de sonido o imagen, fotograf\u00edas, grabaciones, software y, en general, cualquier tipo de material que:<\/p>\n<p>(a) sea contrario, vulnere o infrinja los derechos fundamentales y libertades p\u00fablicas reconocidas en la Constituci\u00f3n, tratados internacionales u otras leyes aplicables;<\/p>\n<p>(b) induzca, incite o promueva acciones delictivas, denigrantes, difamatorias, violentas o contrarias a la ley, la moral y el orden p\u00fablico;<\/p>\n<p>(c) induzca, incite o promueva actitudes o pensamientos discriminatorios por raz\u00f3n de sexo, raza, religi\u00f3n, creencias, edad o condici\u00f3n;<\/p>\n<p>(d) vulnere el derecho al honor, a la intimidad personal o familiar o a la propia imagen;<\/p>\n<p>(e) menoscabe de cualquier forma la credibilidad del prestador o de terceros; y<\/p>\n<p>(f) constituya publicidad il\u00edcita, enga\u00f1osa o desleal.<\/p>\n\n<p><strong>EXCLUSI\u00d3N DE GARANT\u00cdAS Y RESPONSABILIDAD<\/strong><\/p>\n<p>El prestador no se responsabiliza de la informaci\u00f3n publicada en el sitio web si ha sido manipulada o introducida por terceros ajenos.<\/p>\n\n<p>Este sitio web ha sido revisado y probado para su correcto funcionamiento. En principio, puede garantizarse su funcionamiento correcto 365 d\u00edas al a\u00f1o, 24 horas al d\u00eda. No obstante, el prestador no descarta la posibilidad de errores de programaci\u00f3n, fuerza mayor, desastres naturales, huelgas u otras circunstancias que imposibiliten el acceso al sitio web.<\/p>\n\n<p><strong>Aurea Avionics S.L.<\/strong> no garantiza ni se responsabiliza, en ning\u00fan caso, de los da\u00f1os que puedan derivarse de la falta de disponibilidad, mantenimiento o funcionamiento efectivo del sitio web o de sus servicios y contenidos; de la existencia de virus, programas maliciosos o da\u00f1inos en los contenidos; del uso il\u00edcito, negligente, fraudulento o contrario a este Aviso Legal; o de la falta de legalidad, calidad, fiabilidad, utilidad y disponibilidad de los servicios prestados por terceros y puestos a disposici\u00f3n de los usuarios en el sitio web.<\/p>\n\n<p>En ning\u00fan caso el prestador ser\u00e1 responsable de los da\u00f1os derivados del uso ilegal o indebido de este sitio web.<\/p>\n\n<p><strong>4.- COOKIES<\/strong><\/p>\n<p>El sitio web del prestador puede usar cookies (peque\u00f1os archivos de informaci\u00f3n enviados al equipo del usuario) para realizar funciones esenciales para el correcto funcionamiento y visualizaci\u00f3n del sitio. Las cookies utilizadas son temporales, con el \u00fanico objetivo de mejorar la navegaci\u00f3n, y desaparecen al final de la sesi\u00f3n del usuario.<\/p>\n\n<p>Bajo ninguna circunstancia se utilizar\u00e1n cookies para recopilar informaci\u00f3n personal. Para m\u00e1s informaci\u00f3n, consulte nuestra <a href=\"https:\/\/aureaavionics.com\/politica-de-cookies\/\">Pol\u00edtica de Cookies<\/a>.<\/p>\n\n<p><strong>5.- ENLACES<\/strong><\/p>\n<p>Desde el sitio web es posible ser redirigido a contenidos de sitios web de terceros. Dado que desde este sitio web no podemos controlar siempre los contenidos introducidos por terceros, <strong>Aurea Avionics S.L.<\/strong> no asume responsabilidad alguna sobre dichos contenidos. En cualquier caso, el prestador proceder\u00e1 a la retirada inmediata de cualquier contenido que contravenga la legislaci\u00f3n nacional o internacional, la moral o el orden p\u00fablico, eliminando la redirecci\u00f3n a esos sitios y notificando a las autoridades competentes.<\/p>\n\n<p>El prestador no se responsabiliza de la informaci\u00f3n y contenidos almacenados en, a modo de ejemplo, foros, chats, blogs, comentarios, redes sociales u otros medios que permitan a terceros publicar contenidos de manera independiente del sitio web del prestador. Sin embargo, en cumplimiento de los arts. 11 y 16 de la LSSICE, el prestador est\u00e1 a disposici\u00f3n de usuarios, autoridades y fuerzas de seguridad para colaborar en la eliminaci\u00f3n o bloqueo de contenidos que puedan afectar la legalidad, derechos de terceros, moral u orden p\u00fablico. Si un usuario considera que alg\u00fan contenido podr\u00eda ser susceptible de esta clasificaci\u00f3n, debe notificarlo de inmediato al administrador del sitio web.<\/p>\n\n<p><strong>6.- PROTECCI\u00d3N DE DATOS PERSONALES<\/strong><\/p>\n<p>El prestador cumple con las normas de protecci\u00f3n de datos personales y garantiza la implementaci\u00f3n de las medidas de seguridad previstas en el Reglamento Europeo de Protecci\u00f3n de Datos y la legislaci\u00f3n espa\u00f1ola. Para m\u00e1s informaci\u00f3n, consulte nuestra <a href=\"https:\/\/aureaavionics.com\/en\/politica-privacidad\/\">Pol\u00edtica de Privacidad<\/a>.<\/p>\n\n<p><strong>7.- REDES SOCIALES<\/strong><\/p>\n<p>Informamos que <strong>Aurea Avionics S.L.<\/strong> puede estar presente en redes sociales. El tratamiento de los datos que los usuarios proporcionen en estas plataformas (hacerse seguidores, realizar enlaces o acciones de conexi\u00f3n) se regir\u00e1 por este apartado, as\u00ed como por las condiciones de uso, pol\u00edticas de privacidad y normas de las redes sociales previamente aceptadas por el usuario. <strong>Aurea Avionics S.L.<\/strong> usar\u00e1 sus datos para informar sobre actividades, productos o servicios del prestador a trav\u00e9s de estas redes sociales, sin asumir responsabilidad sobre las pol\u00edticas de privacidad de las mismas.<\/p>\n\n<p>Queda prohibida la publicaci\u00f3n de contenidos:<\/p>\n<ul>\n<li>Que sean presuntamente il\u00edcitos seg\u00fan la legislaci\u00f3n nacional, comunitaria o internacional, o que desarrollen actividades contrarias a la buena fe.<\/li>\n<li>Que atenten contra los derechos fundamentales de las personas, falten a la cortes\u00eda en la red, molesten o generen opiniones negativas en usuarios o terceros, o que <strong>Aurea Avionics S.L.<\/strong> considere inapropiados.<\/li>\n<li>Que contravengan principios de legalidad, honestidad, responsabilidad, dignidad humana, protecci\u00f3n de menores, orden p\u00fablico, privacidad, protecci\u00f3n del consumidor y derechos de propiedad intelectual o industrial.<\/li>\n<\/ul>\n\n<p><strong>Aurea Avionics S.L.<\/strong> se reserva el derecho de eliminar, sin previo aviso, aquellos contenidos del sitio web o redes sociales corporativas que considere inapropiados.<\/p>\n\n<ol>\n<li><strong>PROPIEDAD INTELECTUAL E INDUSTRIAL<\/strong><\/li>\n<\/ol>\n\n<p>El sitio web, incluyendo programaci\u00f3n, edici\u00f3n, compilaci\u00f3n, dise\u00f1os, logotipos, textos, fotograf\u00edas y gr\u00e1ficos son propiedad del prestador o cuentan con la licencia o autorizaci\u00f3n expresa de sus autores. Todos los contenidos est\u00e1n protegidos por la normativa de propiedad intelectual e industrial.<\/p>\n\n<p>La reproducci\u00f3n total o parcial, uso, distribuci\u00f3n o comunicaci\u00f3n p\u00fablica de cualquier parte del sitio web requiere autorizaci\u00f3n escrita previa del prestador. Cualquier uso no autorizado ser\u00e1 considerado una infracci\u00f3n grave de los derechos de propiedad intelectual o industrial del autor.<\/p>\n\n<p>Los dise\u00f1os, logotipos, textos o gr\u00e1ficos de terceros que puedan aparecer en el sitio web pertenecen a sus respectivos propietarios, siendo ellos responsables de cualquier conflicto sobre los mismos. En cualquier caso, el prestador cuenta con autorizaci\u00f3n expresa para su publicaci\u00f3n.<\/p>\n\n<p>El prestador reconoce los derechos de propiedad industrial e intelectual de terceros, sin que la menci\u00f3n o aparici\u00f3n en el sitio web implique responsabilidad, respaldo, patrocinio o recomendaci\u00f3n por parte del prestador.<\/p>\n\n<p>Para reportar posibles infracciones de derechos de propiedad intelectual o industrial, as\u00ed como cualquier contenido del sitio web, puede hacerlo mediante el correo electr\u00f3nico indicado.<\/p>\n\n<p><strong>9.- LEY APLICABLE Y JURISDICCI\u00d3N<\/strong><\/p>\n<p>Para la resoluci\u00f3n de disputas o cuestiones relacionadas con este sitio web o las actividades desarrolladas en \u00e9l, se aplicar\u00e1 la legislaci\u00f3n espa\u00f1ola, a la que las partes se someten expresamente, siendo competentes para la resoluci\u00f3n de cualquier conflicto los Juzgados y Tribunales de Ja\u00e9n.<\/p>\n\t\t\t\t\t\t\t\t<\/div>\n\t\t\t\t<\/div>\n\t\t\t\t\t<\/div>\n\t\t\t\t<\/div>\n\t\t\t\t<\/div>\n\t\t","protected":false},"excerpt":{"rendered":"<p>AVISO LEGAL Con el fin de cumplir con el Art\u00edculo 10 de la Ley 34\/2002 de Servicios de la Sociedad de la Informaci\u00f3n y Comercio Electr\u00f3nico, informamos a los usuarios de este sitio web sobre nuestros datos: Identidad: Aurea Avionics S.L. CIF: B87763066 Direcci\u00f3n postal: C\/ Rosa De Silva, 4 &#8211; Pta. D Plt. 1. [&hellip;]<\/p>\n","protected":false},"author":1,"featured_media":0,"parent":0,"menu_order":0,"comment_status":"closed","ping_status":"closed","template":"elementor_header_footer","meta":{"site-sidebar-layout":"no-sidebar","site-content-layout":"default","ast-site-content-layout":"full-width-container","site-content-style":"unboxed","site-sidebar-style":"unboxed","ast-global-header-display":"","ast-banner-title-visibility":"disabled","ast-main-header-display":"disabled","ast-hfb-above-header-display":"","ast-hfb-below-header-display":"","ast-hfb-mobile-header-display":"disabled","site-post-title":"disabled","ast-breadcrumbs-content":"disabled","ast-featured-img":"disabled","footer-sml-layout":"disabled","theme-transparent-header-meta":"default","adv-header-id-meta":"","stick-header-meta":"","header-above-stick-meta":"","header-main-stick-meta":"","header-below-stick-meta":"","astra-migrate-meta-layouts":"set","ast-page-background-enabled":"default","ast-page-background-meta":{"desktop":{"background-color":"var(--ast-global-color-4)","background-image":"","background-repeat":"repeat","background-position":"center center","background-size":"auto","background-attachment":"scroll","background-type":"","background-media":"","overlay-type":"","overlay-color":"","overlay-opacity":"","overlay-gradient":""},"tablet":{"background-color":"","background-image":"","background-repeat":"repeat","background-position":"center center","background-size":"auto","background-attachment":"scroll","background-type":"","background-media":"","overlay-type":"","overlay-color":"","overlay-opacity":"","overlay-gradient":""},"mobile":{"background-color":"","background-image":"","background-repeat":"repeat","background-position":"center center","background-size":"auto","background-attachment":"scroll","background-type":"","background-media":"","overlay-type":"","overlay-color":"","overlay-opacity":"","overlay-gradient":""}},"ast-content-background-meta":{"desktop":{"background-color":"var(--ast-global-color-5)","background-image":"","background-repeat":"repeat","background-position":"center center","background-size":"auto","background-attachment":"scroll","background-type":"","background-media":"","overlay-type":"","overlay-color":"","overlay-opacity":"","overlay-gradient":""},"tablet":{"background-color":"var(--ast-global-color-5)","background-image":"","background-repeat":"repeat","background-position":"center center","background-size":"auto","background-attachment":"scroll","background-type":"","background-media":"","overlay-type":"","overlay-color":"","overlay-opacity":"","overlay-gradient":""},"mobile":{"background-color":"var(--ast-global-color-5)","background-image":"","background-repeat":"repeat","background-position":"center center","background-size":"auto","background-attachment":"scroll","background-type":"","background-media":"","overlay-type":"","overlay-color":"","overlay-opacity":"","overlay-gradient":""}},"_joinchat":[],"footnotes":""},"class_list":["post-8","page","type-page","status-publish","hentry"],"yoast_head":"<!-- This site is optimized with the Yoast SEO plugin v25.9 - https:\/\/yoast.com\/wordpress\/plugins\/seo\/ -->\n<title>Aviso Legal - Aurea Avionics<\/title>\n<meta name=\"robots\" content=\"index, follow, max-snippet:-1, max-image-preview:large, max-video-preview:-1\" \/>\n<link rel=\"canonical\" href=\"https:\/\/aureaavionics.com\/es\/aviso-legal\/\" \/>\n<meta property=\"og:locale\" content=\"es_ES\" \/>\n<meta property=\"og:type\" content=\"article\" \/>\n<meta property=\"og:title\" content=\"Aviso Legal - Aurea Avionics\" \/>\n<meta property=\"og:description\" content=\"AVISO LEGAL Con el fin de cumplir con el Art\u00edculo 10 de la Ley 34\/2002 de Servicios de la Sociedad de la Informaci\u00f3n y Comercio Electr\u00f3nico, informamos a los usuarios de este sitio web sobre nuestros datos: Identidad: Aurea Avionics S.L. CIF: B87763066 Direcci\u00f3n postal: C\/ Rosa De Silva, 4 &#8211; Pta. D Plt. 1. [&hellip;]\" \/>\n<meta property=\"og:url\" content=\"https:\/\/aureaavionics.com\/es\/aviso-legal\/\" \/>\n<meta property=\"og:site_name\" content=\"Aurea Avionics\" \/>\n<meta property=\"article:modified_time\" content=\"2025-09-16T08:09:11+00:00\" \/>\n<meta name=\"twitter:card\" content=\"summary_large_image\" \/>\n<meta name=\"twitter:site\" content=\"@AureaAvionics\" \/>\n<meta name=\"twitter:label1\" content=\"Tiempo de lectura\" \/>\n\t<meta name=\"twitter:data1\" content=\"8 minutos\" \/>\n<script type=\"application\/ld+json\" class=\"yoast-schema-graph\">{\"@context\":\"https:\/\/schema.org\",\"@graph\":[{\"@type\":\"WebPage\",\"@id\":\"https:\/\/aureaavionics.com\/es\/aviso-legal\/\",\"url\":\"https:\/\/aureaavionics.com\/es\/aviso-legal\/\",\"name\":\"Aviso Legal - Aurea Avionics\",\"isPartOf\":{\"@id\":\"https:\/\/aureaavionics.com\/es\/#website\"},\"datePublished\":\"2022-11-16T09:29:30+00:00\",\"dateModified\":\"2025-09-16T08:09:11+00:00\",\"breadcrumb\":{\"@id\":\"https:\/\/aureaavionics.com\/es\/aviso-legal\/#breadcrumb\"},\"inLanguage\":\"es\",\"potentialAction\":[{\"@type\":\"ReadAction\",\"target\":[\"https:\/\/aureaavionics.com\/es\/aviso-legal\/\"]}]},{\"@type\":\"BreadcrumbList\",\"@id\":\"https:\/\/aureaavionics.com\/es\/aviso-legal\/#breadcrumb\",\"itemListElement\":[{\"@type\":\"ListItem\",\"position\":1,\"name\":\"Portada\",\"item\":\"https:\/\/aureaavionics.com\/es\/\"},{\"@type\":\"ListItem\",\"position\":2,\"name\":\"Aviso Legal\"}]},{\"@type\":\"WebSite\",\"@id\":\"https:\/\/aureaavionics.com\/es\/#website\",\"url\":\"https:\/\/aureaavionics.com\/es\/\",\"name\":\"Aurea Avionics\",\"description\":\"\",\"publisher\":{\"@id\":\"https:\/\/aureaavionics.com\/es\/#organization\"},\"potentialAction\":[{\"@type\":\"SearchAction\",\"target\":{\"@type\":\"EntryPoint\",\"urlTemplate\":\"https:\/\/aureaavionics.com\/es\/?s={search_term_string}\"},\"query-input\":{\"@type\":\"PropertyValueSpecification\",\"valueRequired\":true,\"valueName\":\"search_term_string\"}}],\"inLanguage\":\"es\"},{\"@type\":\"Organization\",\"@id\":\"https:\/\/aureaavionics.com\/es\/#organization\",\"name\":\"Aurea Avionics\",\"url\":\"https:\/\/aureaavionics.com\/es\/\",\"logo\":{\"@type\":\"ImageObject\",\"inLanguage\":\"es\",\"@id\":\"https:\/\/aureaavionics.com\/es\/#\/schema\/logo\/image\/\",\"url\":\"https:\/\/aureaavionics.com\/wp-content\/uploads\/2024\/08\/logo-aurea-avionics.png\",\"contentUrl\":\"https:\/\/aureaavionics.com\/wp-content\/uploads\/2024\/08\/logo-aurea-avionics.png\",\"width\":1499,\"height\":293,\"caption\":\"Aurea Avionics\"},\"image\":{\"@id\":\"https:\/\/aureaavionics.com\/es\/#\/schema\/logo\/image\/\"},\"sameAs\":[\"https:\/\/x.com\/AureaAvionics\",\"https:\/\/www.linkedin.com\/company\/aureaavionics\",\"https:\/\/www.instagram.com\/aureaavionics\/\"]}]}<\/script>\n<!-- \/ Yoast SEO plugin. -->","yoast_head_json":{"title":"Aviso Legal - Aurea Avionics","robots":{"index":"index","follow":"follow","max-snippet":"max-snippet:-1","max-image-preview":"max-image-preview:large","max-video-preview":"max-video-preview:-1"},"canonical":"https:\/\/aureaavionics.com\/es\/aviso-legal\/","og_locale":"es_ES","og_type":"article","og_title":"Aviso Legal - Aurea Avionics","og_description":"AVISO LEGAL Con el fin de cumplir con el Art\u00edculo 10 de la Ley 34\/2002 de Servicios de la Sociedad de la Informaci\u00f3n y Comercio Electr\u00f3nico, informamos a los usuarios de este sitio web sobre nuestros datos: Identidad: Aurea Avionics S.L. CIF: B87763066 Direcci\u00f3n postal: C\/ Rosa De Silva, 4 &#8211; Pta. D Plt. 1. [&hellip;]","og_url":"https:\/\/aureaavionics.com\/es\/aviso-legal\/","og_site_name":"Aurea Avionics","article_modified_time":"2025-09-16T08:09:11+00:00","twitter_card":"summary_large_image","twitter_site":"@AureaAvionics","twitter_misc":{"Tiempo de lectura":"8 minutos"},"schema":{"@context":"https:\/\/schema.org","@graph":[{"@type":"WebPage","@id":"https:\/\/aureaavionics.com\/es\/aviso-legal\/","url":"https:\/\/aureaavionics.com\/es\/aviso-legal\/","name":"Aviso Legal - Aurea Avionics","isPartOf":{"@id":"https:\/\/aureaavionics.com\/es\/#website"},"datePublished":"2022-11-16T09:29:30+00:00","dateModified":"2025-09-16T08:09:11+00:00","breadcrumb":{"@id":"https:\/\/aureaavionics.com\/es\/aviso-legal\/#breadcrumb"},"inLanguage":"es","potentialAction":[{"@type":"ReadAction","target":["https:\/\/aureaavionics.com\/es\/aviso-legal\/"]}]},{"@type":"BreadcrumbList","@id":"https:\/\/aureaavionics.com\/es\/aviso-legal\/#breadcrumb","itemListElement":[{"@type":"ListItem","position":1,"name":"Portada","item":"https:\/\/aureaavionics.com\/es\/"},{"@type":"ListItem","position":2,"name":"Aviso Legal"}]},{"@type":"WebSite","@id":"https:\/\/aureaavionics.com\/es\/#website","url":"https:\/\/aureaavionics.com\/es\/","name":"Aurea Avionics","description":"","publisher":{"@id":"https:\/\/aureaavionics.com\/es\/#organization"},"potentialAction":[{"@type":"SearchAction","target":{"@type":"EntryPoint","urlTemplate":"https:\/\/aureaavionics.com\/es\/?s={search_term_string}"},"query-input":{"@type":"PropertyValueSpecification","valueRequired":true,"valueName":"search_term_string"}}],"inLanguage":"es"},{"@type":"Organization","@id":"https:\/\/aureaavionics.com\/es\/#organization","name":"Aurea Avionics","url":"https:\/\/aureaavionics.com\/es\/","logo":{"@type":"ImageObject","inLanguage":"es","@id":"https:\/\/aureaavionics.com\/es\/#\/schema\/logo\/image\/","url":"https:\/\/aureaavionics.com\/wp-content\/uploads\/2024\/08\/logo-aurea-avionics.png","contentUrl":"https:\/\/aureaavionics.com\/wp-content\/uploads\/2024\/08\/logo-aurea-avionics.png","width":1499,"height":293,"caption":"Aurea Avionics"},"image":{"@id":"https:\/\/aureaavionics.com\/es\/#\/schema\/logo\/image\/"},"sameAs":["https:\/\/x.com\/AureaAvionics","https:\/\/www.linkedin.com\/company\/aureaavionics","https:\/\/www.instagram.com\/aureaavionics\/"]}]}},"_links":{"self":[{"href":"https:\/\/aureaavionics.com\/es\/wp-json\/wp\/v2\/pages\/8","targetHints":{"allow":["GET"]}}],"collection":[{"href":"https:\/\/aureaavionics.com\/es\/wp-json\/wp\/v2\/pages"}],"about":[{"href":"https:\/\/aureaavionics.com\/es\/wp-json\/wp\/v2\/types\/page"}],"author":[{"embeddable":true,"href":"https:\/\/aureaavionics.com\/es\/wp-json\/wp\/v2\/users\/1"}],"replies":[{"embeddable":true,"href":"https:\/\/aureaavionics.com\/es\/wp-json\/wp\/v2\/comments?post=8"}],"version-history":[{"count":13,"href":"https:\/\/aureaavionics.com\/es\/wp-json\/wp\/v2\/pages\/8\/revisions"}],"predecessor-version":[{"id":2234,"href":"https:\/\/aureaavionics.com\/es\/wp-json\/wp\/v2\/pages\/8\/revisions\/2234"}],"wp:attachment":[{"href":"https:\/\/aureaavionics.com\/es\/wp-json\/wp\/v2\/media?parent=8"}],"curies":[{"name":"wp","href":"https:\/\/api.w.org\/{rel}","templated":true}]}}